{"id":90,"date":"2024-05-28T11:49:14","date_gmt":"2024-05-28T14:49:14","guid":{"rendered":"https:\/\/aquarelle.com.br\/monitoria\/"},"modified":"2024-08-05T19:57:43","modified_gmt":"2024-08-05T22:57:43","slug":"monitoria","status":"publish","type":"page","link":"https:\/\/aquarelle.com.br\/en\/monitoring\/","title":{"rendered":"Monitoring"},"content":{"rendered":"<ul>\n<li>\n\t\t\t\t\t\t\t\t\t\tHome\n\t\t\t\t\t\t\t\t\t<\/li>\n<li>\n\t\t\t\t\t\t\t\t\t<\/li>\n<\/ul>\n<h6>Quality<\/h6>\n<h2>How does Quality monitoring work?<\/h2>\n<p>\t\t\t<a href=\"https:\/\/aquarelle.com.br\/en\/contact\/\"><br \/>\n\t\t\t\t<svg aria-hidden=\"true\" viewbox=\"0 0 320 512\" xmlns=\"http:\/\/www.w3.org\/2000\/svg\"><path d=\"M285.476 272.971L91.132 467.314c-9.373 9.373-24.569 9.373-33.941 0l-22.667-22.667c-9.357-9.357-9.375-24.522-.04-33.901L188.505 256 34.484 101.255c-9.335-9.379-9.317-24.544.04-33.901l22.667-22.667c9.373-9.373 24.569-9.373 33.941 0L285.475 239.03c9.373 9.372 9.373 24.568.001 33.941z\"><\/path><\/svg><br \/>\n\t\t\t\t\t\tContact us<br \/>\n\t\t\t\t\t<\/a><\/p>\n<h2>We plan<\/h2>\n<p>Assumptions that map customer or consumer satisfaction.<\/p>\n<h2>We measure<\/h2>\n<p>Adherence to service processes.<\/p>\n<h2>We compile<\/h2>\n<p>Data and information collected.<\/p>\n<h2>We suggest<\/h2>\n<p>Important improvements through the inputs collected.<\/p>\n<h2>We follow<\/h2>\n<p>Evolution of indicators.<\/p>\n<h2>Shall we face it?<\/h2>\n<h4>Talk to us!<\/h4>\n<p>\t\t\t<a href=\"https:\/\/aquarelle.com.br\/en\/contact\/\"><br \/>\n\t\t\t\t<svg aria-hidden=\"true\" viewbox=\"0 0 320 512\" xmlns=\"http:\/\/www.w3.org\/2000\/svg\"><path d=\"M285.476 272.971L91.132 467.314c-9.373 9.373-24.569 9.373-33.941 0l-22.667-22.667c-9.357-9.357-9.375-24.522-.04-33.901L188.505 256 34.484 101.255c-9.335-9.379-9.317-24.544.04-33.901l22.667-22.667c9.373-9.373 24.569-9.373 33.941 0L285.475 239.03c9.373 9.372 9.373 24.568.001 33.941z\"><\/path><\/svg><br \/>\n\t\t\t\t\t\tGet in touch<br \/>\n\t\t\t\t\t<\/a><\/p>","protected":false},"excerpt":{"rendered":"<p>Home Qualidade Como funciona a monitoria em Qualidade? Entre em Contato Planejamos Premissas que mapeiam a satisfa\u00e7\u00e3o do cliente ou consumidor. Mensuramos Ader\u00eancia aos processos de atendimento. Compilamos Dados e informa\u00e7\u00f5es coletadas. Sugerimos Melhorias importantes atrav\u00e9s dos insumos coletados. Acompanhamos Evolu\u00e7\u00e3o dos indicadores. Vamos encarar? Fale conosco! Entre em contato<\/p>","protected":false},"author":3,"featured_media":0,"parent":0,"menu_order":0,"comment_status":"closed","ping_status":"closed","template":"","meta":{"_gspb_post_css":"","iawp_total_views":38,"footnotes":""},"blocksy_meta":[],"_links":{"self":[{"href":"https:\/\/aquarelle.com.br\/en\/wp-json\/wp\/v2\/pages\/90"}],"collection":[{"href":"https:\/\/aquarelle.com.br\/en\/wp-json\/wp\/v2\/pages"}],"about":[{"href":"https:\/\/aquarelle.com.br\/en\/wp-json\/wp\/v2\/types\/page"}],"author":[{"embeddable":true,"href":"https:\/\/aquarelle.com.br\/en\/wp-json\/wp\/v2\/users\/3"}],"replies":[{"embeddable":true,"href":"https:\/\/aquarelle.com.br\/en\/wp-json\/wp\/v2\/comments?post=90"}],"version-history":[{"count":0,"href":"https:\/\/aquarelle.com.br\/en\/wp-json\/wp\/v2\/pages\/90\/revisions"}],"wp:attachment":[{"href":"https:\/\/aquarelle.com.br\/en\/wp-json\/wp\/v2\/media?parent=90"}],"curies":[{"name":"wp","href":"https:\/\/api.w.org\/{rel}","templated":true}]}}