{"id":100,"date":"2024-05-28T11:49:15","date_gmt":"2024-05-28T14:49:15","guid":{"rendered":"https:\/\/aquarelle.com.br\/politica-de-privacidade-2\/"},"modified":"2024-08-05T19:58:06","modified_gmt":"2024-08-05T22:58:06","slug":"politica-de-privacidade-2","status":"publish","type":"page","link":"https:\/\/aquarelle.com.br\/es\/politica-de-privacidad-2\/","title":{"rendered":"Pol\u00edtica de privacidad"},"content":{"rendered":"<div class=\"wp-block-greenshift-blocks-row alignfull gspb_row gspb_row-id-gsbp-2f54103\" id=\"gspb_row-id-gsbp-2f54103\"><div class=\"gspb_row__content\"> \n<div class=\"wp-block-greenshift-blocks-row-column gspb_row__col--6 gspb_col-id-gsbp-4993959\" id=\"gspb_col-id-gsbp-4993959\">\n<div class=\"wp-block-greenshift-blocks-container gspb_container gspb_container-gsbp-158765d\" id=\"gspb_container-id-gsbp-158765d\">\n<div id=\"gspb_text-id-gsbp-55d5187\" class=\"gspb_text gspb_text-id-gsbp-55d5187\">CONDICIONES Y POL\u00cdTICA DE PRIVACIDAD<\/div>\n\n\n\n<h2 id=\"gspb_heading-id-gsbp-aa25f05\" class=\"gspb_heading gspb_heading-id-gsbp-aa25f05\">Pol\u00edtica de uso de marcas<\/h2>\n\n\n\n<div id=\"gspb_text-id-gsbp-e1f8881\" class=\"gspb_text gspb_text-id-gsbp-e1f8881\">Aquarelle es una empresa con grandes marcas, vinculadas a los productos, textos, fotograf\u00edas, im\u00e1genes y logotipos de este sitio, que est\u00e1n protegidos por derechos de autor, propiedad industrial y derechos de la personalidad relativos a la imagen, la voz y el nombre.<br><br>Todas las marcas de Aquarelle, incluidas las propias, est\u00e1n registradas en el Instituto Nacional de la Propiedad Industrial (INPI), \u00f3rgano responsable del registro de marcas en Brasil, y en diversos \u00f3rganos competentes en el extranjero.<br><br>De este modo, Aquarelle tiene derecho a impedir que terceros hagan un uso indebido de sus marcas y otros materiales publicados en el sitio y en sus medios de comunicaci\u00f3n, evitando as\u00ed la competencia desleal y protegiendo el esfuerzo, la inversi\u00f3n, el trabajo y el \u00e9xito de sus marcas y productos.<br>Por lo tanto, usted acepta que es el \u00fanico responsable de cualquier uso no autorizado del contenido de este sitio y nosotros no escatimaremos esfuerzos para preservar plenamente sus derechos de propiedad.<br><br>La Pol\u00edtica se rige por la legislaci\u00f3n brasile\u00f1a y se interpretar\u00e1 en lengua portuguesa. Cualquier situaci\u00f3n de conflicto que no pueda resolverse mediante negociaci\u00f3n amistosa se resolver\u00e1 en los Tribunales de S\u00e3o Paulo, SP, Brasil.<br><br>Aquarelle se reserva el derecho a modificar la Pol\u00edtica de Privacidad para adaptarla a novedades legislativas o jurisprudenciales, as\u00ed como a pr\u00e1cticas comerciales. En cualquier caso, Aquarelle har\u00e1 p\u00fablicos los cambios en su p\u00e1gina web.<\/div>\n\n\n\n<h2 id=\"gspb_heading-id-gsbp-edd63e7\" class=\"gspb_heading gspb_heading-id-gsbp-edd63e7\">Obtener y utilizar la informaci\u00f3n<\/h2>\n\n\n\n<div id=\"gspb_text-id-gsbp-1350198\" class=\"gspb_text gspb_text-id-gsbp-1350198\">Los datos personales no se divulgar\u00e1n bajo ninguna circunstancia. Garantizamos que tus datos no se utilizar\u00e1n para fines distintos de la comunicaci\u00f3n entre Aquarelle y t\u00fa.<br><br>Todos los datos que usted, el cliente, facilite en nuestro sitio web o en nuestros medios de comunicaci\u00f3n son confidenciales y s\u00f3lo se utilizar\u00e1n para participar en promociones y en nuestras comunicaciones con usted.<br><br>Los datos solicitados cuando se registra en el sitio o en nuestras redes son exclusivamente para comunicarnos con usted.<br>Usted, el cliente, declara que est\u00e1 de acuerdo con nuestra pol\u00edtica de recogida y uso de informaci\u00f3n y que es consciente de que \u00e9sta puede utilizarse para cualquier tipo de comunicaci\u00f3n entre nosotros.<br><br>Usted, el cliente, garantiza la veracidad y exactitud de la informaci\u00f3n y los datos que facilita en nuestro sitio web y asume la responsabilidad correspondiente en caso de que no sean exactos, adem\u00e1s de comprometerse a mantenerlos actualizados. No asumimos ninguna responsabilidad en caso de inexactitud de los datos que nos facilite.<br><br>Nuestro sitio web garantiza la privacidad de los datos personales de nuestros consumidores almacenados en nuestra base de datos, y se compromete a utilizar sistemas con tecnolog\u00eda segura para la protecci\u00f3n de dichos datos, procurando mantener el entorno seguro con el uso de herramientas adecuadas.<br><\/div>\n\n\n\n<h2 id=\"gspb_heading-id-gsbp-a941fa3\" class=\"gspb_heading gspb_heading-id-gsbp-a941fa3\">Env\u00edo de notificaciones y mensajes<\/h2>\n\n\n\n<div id=\"gspb_text-id-gsbp-0826946\" class=\"gspb_text gspb_text-id-gsbp-0826946\">Podemos enviar comunicaciones y mensajes publicitarios a los clientes registrados, utilizando todas las tecnolog\u00edas y medios de comunicaci\u00f3n disponibles, ya sea por correo electr\u00f3nico, SMS, MMS, correo directo (y) otros. Usted consiente en ello al facilitarnos sus datos.<br><br>Los anuncios, boletines, avisos de ofertas y mensajes publicitarios enviados por correo electr\u00f3nico deben incluir una opci\u00f3n para optar por no recibir este tipo de mensajes. La exclusi\u00f3n voluntaria se realiza a trav\u00e9s de la direcci\u00f3n de correo electr\u00f3nico facilitada en el sitio web. Por lo tanto, los consumidores que tengan m\u00e1s de un registro pueden seguir recibiendo comunicaciones o mensajes publicitarios en la direcci\u00f3n de correo electr\u00f3nico que no haya sido desactivada.<br><br>Le recordamos que la direcci\u00f3n de correo electr\u00f3nico facilitada en el momento del registro ser\u00e1 utilizada para el env\u00edo de comunicaciones a lo largo del proceso de compra, por ejemplo, para informarle de los detalles de su pedido, estado del pedido, facturaci\u00f3n de facturas, env\u00edo de propuestas, entre otras comunicaciones pertinentes a las negociaciones que tengan lugar entre el cliente y la empresa. Por ello, le recomendamos que incluya el remitente de confianza para evitar que dichos mensajes sean interceptados por el Anti-Spam.<br><\/div>\n\n\n\n<h2 id=\"gspb_heading-id-gsbp-1dfd887\" class=\"gspb_heading gspb_heading-id-gsbp-1dfd887\">Cambios en nuestra pol\u00edtica<\/h2>\n\n\n\n<div id=\"gspb_text-id-gsbp-3833575\" class=\"gspb_text gspb_text-id-gsbp-3833575\">En nuestro af\u00e1n de mejora continua, podemos modificar la Pol\u00edtica de Privacidad en cualquier momento. No obstante, siempre que esto ocurra, publicaremos los cambios aqu\u00ed, en nuestro sitio web.<br><br>Al registrarse en nuestros medios digitales o en nuestro sitio web, usted, el consumidor, est\u00e1 de acuerdo y acepta los t\u00e9rminos de la Pol\u00edtica de Privacidad vigente en ese momento, y es su responsabilidad comprobarla previamente cada vez que nos visite.<\/div>\n<\/div>\n<\/div>\n <\/div><div class=\"gspb_shape-divider-container gspb_shape-divider-container--bottom\"><svg data-style=\"26\" x=\"0px\" y=\"0px\" viewbox=\"0 0 1200 366\" preserveaspectratio=\"none\"><polygon data-style=\"26\" class=\"gspb_st2 gspb_shape_2\" points=\"0 240 1200 0 1200 366 0 366\" fill=\"url(#sfirstbottomgsbp-2f54103)\"><\/polygon><polygon data-style=\"26\" class=\"gspb_st1 gspb_shape_1\" points=\"0 300 1200 60 1200 366 0 366\" fill=\"url(#ssecondbottomgsbp-2f54103)\"><\/polygon><polygon data-style=\"26\" class=\"gspb_st0 gspb_shape_0\" points=\"0 360 1200 120 1200 366 0 366\" fill=\"url(#sthirdbottomgsbp-2f54103)\"><\/polygon><defs><lineargradient id=\"sfirstbottomgsbp-2f54103\"><stop style=\"stop-color:var(--wp--preset--color--palette-color-1, var(--theme-palette-color-1, #052146))\" offset=\"0%\"><\/stop><stop style=\"stop-color:#0e3c779c\" offset=\"100%\"><\/stop><\/lineargradient><lineargradient id=\"ssecondbottomgsbp-2f54103\"><stop style=\"stop-color:var(--wp--preset--color--palette-color-1, var(--theme-palette-color-1, #052146))\" offset=\"0%\"><\/stop><stop style=\"stop-color:#0d4691\" offset=\"100%\"><\/stop><\/lineargradient><lineargradient id=\"sthirdbottomgsbp-2f54103\"><stop style=\"stop-color:var(--wp--preset--color--palette-color-1, var(--theme-palette-color-1, #052146))\" offset=\"0%\"><\/stop><stop style=\"stop-color:var(--wp--preset--color--palette-color-1, var(--theme-palette-color-1, #052146))\" offset=\"100%\"><\/stop><\/lineargradient><\/defs><\/svg><\/div><\/div>","protected":false},"excerpt":{"rendered":"","protected":false},"author":3,"featured_media":0,"parent":0,"menu_order":0,"comment_status":"closed","ping_status":"closed","template":"","meta":{"_gspb_post_css":"#gspb_col-id-gsbp-4993959.gspb_row__col--6{width:50%}@media (max-width:575.98px){#gspb_col-id-gsbp-4993959.gspb_row__col--6{width:100%}}@media (min-width:992px){body.gspb-bodyfront #gspb_col-id-gsbp-4993959.gspb_row__col--6{width:calc(100% - 0px - 0px)}}#gspb_row-id-gsbp-2f54103{justify-content:space-between;display:flex;flex-wrap:wrap;align-content:center;margin-top:20px;margin-bottom:80px;isolation:isolate}#gspb_row-id-gsbp-2f54103>.gspb_row__content{display:flex;justify-content:space-between;margin:0 auto;width:100%;flex-wrap:wrap;align-items:center}.gspb_row{position:relative}div[id^=gspb_col-id]{box-sizing:border-box;position:relative;padding:15px min(3vw,20px)}body.gspb-bodyfront #gspb_row-id-gsbp-2f54103>.gspb_row__content{width:var(--theme-container-width, 1200px);max-width:var(--theme-normal-container-max-width, 1200px)}#gspb_row-id-gsbp-2f54103 .gspb_shape-divider-container{overflow:hidden;position:absolute;left:0;z-index:-1;width:100%;line-height:0;pointer-events:none}#gspb_row-id-gsbp-2f54103 .gspb_shape-divider-container svg{width:100%}#gspb_row-id-gsbp-2f54103 .gspb_shape-divider-container--bottom{bottom:0}#gspb_row-id-gsbp-2f54103 .gspb_shape-divider-container--bottom svg{height:300px}.gspb_container-id-gsbp-158765d{flex-direction:column;box-sizing:border-box}#gspb_container-id-gsbp-158765d.gspb_container>p:last-of-type{margin-bottom:0}.gspb_container{position:relative}.gspb_text-id-gsbp-55d5187{font-size:16px;letter-spacing:1px;color:var(--wp--preset--color--palette-color-2, var(--theme-palette-color-2, #2CCC64))}#gspb_heading-id-gsbp-1dfd887,#gspb_heading-id-gsbp-a941fa3,#gspb_heading-id-gsbp-aa25f05,#gspb_heading-id-gsbp-edd63e7{font-size:30px;margin-top:20px;margin-bottom:20px}.gspb_text-id-gsbp-0826946,.gspb_text-id-gsbp-1350198,.gspb_text-id-gsbp-3833575,.gspb_text-id-gsbp-e1f8881{font-size:18px}","iawp_total_views":112,"footnotes":""},"blocksy_meta":[],"_links":{"self":[{"href":"https:\/\/aquarelle.com.br\/es\/wp-json\/wp\/v2\/pages\/100"}],"collection":[{"href":"https:\/\/aquarelle.com.br\/es\/wp-json\/wp\/v2\/pages"}],"about":[{"href":"https:\/\/aquarelle.com.br\/es\/wp-json\/wp\/v2\/types\/page"}],"author":[{"embeddable":true,"href":"https:\/\/aquarelle.com.br\/es\/wp-json\/wp\/v2\/users\/3"}],"replies":[{"embeddable":true,"href":"https:\/\/aquarelle.com.br\/es\/wp-json\/wp\/v2\/comments?post=100"}],"version-history":[{"count":0,"href":"https:\/\/aquarelle.com.br\/es\/wp-json\/wp\/v2\/pages\/100\/revisions"}],"wp:attachment":[{"href":"https:\/\/aquarelle.com.br\/es\/wp-json\/wp\/v2\/media?parent=100"}],"curies":[{"name":"wp","href":"https:\/\/api.w.org\/{rel}","templated":true}]}}