{"id":1080,"date":"2024-06-18T11:46:05","date_gmt":"2024-06-18T14:46:05","guid":{"rendered":"https:\/\/aquarelle.com.br\/?page_id=1080"},"modified":"2024-10-10T16:29:35","modified_gmt":"2024-10-10T19:29:35","slug":"ibm-maximo-application-suite-case","status":"publish","type":"page","link":"https:\/\/aquarelle.com.br\/es\/maletin-teleferico\/","title":{"rendered":"Caso Bondinho"},"content":{"rendered":"<div class=\"wp-block-greenshift-blocks-row alignfull gspb_row gspb_row-id-gsbp-79265f2\" id=\"gspb_row-id-gsbp-79265f2\"><div class=\"gspb_row__content\"> \n<div class=\"wp-block-greenshift-blocks-row-column gspb_row__col--6 gspb_col-id-gsbp-4993959\" id=\"gspb_col-id-gsbp-4993959\">\n<div class=\"wp-block-greenshift-blocks-container gspb_container gspb_container-gsbp-7170cc8\" id=\"gspb_container-id-gsbp-7170cc8\">\n<div id=\"gspb_text-id-gsbp-edbe05d\" class=\"gspb_text gspb_text-id-gsbp-edbe05d\">ESTUCHES DE ACUARELA<\/div>\n\n\n\n<h2 id=\"gspb_heading-id-gsbp-ee42b92\" class=\"gspb_heading gspb_heading-id-gsbp-ee42b92\">Parque del telef\u00e9rico del Pan de Az\u00facar<\/h2>\n\n\n\n<h5 id=\"gspb_heading-id-gsbp-32c3e26\" class=\"gspb_heading gspb_heading-id-gsbp-32c3e26\">Nosotros en\u00a0<strong>AQUARELLE<\/strong>\u00a0queremos compartir nuestro caso de aplicaci\u00f3n\u00a0<strong>Suite de aplicaciones IBM MAXIMO<\/strong>\u00a0en nuestro cliente, el Parque Bondinho P\u00e3o de A\u00e7ucar.<br>\u00a0<br>Fue un proyecto completo, con la venta de licencias, el proyecto de implantaci\u00f3n, soporte y mantenimiento de la herramienta y del entorno IBM Cloud.<br><br>El resultado fueron equipos conectados, agilidad, resultados excelentes y una experiencia del cliente a\u00fan m\u00e1s memorable.<br>\u00a0<br>Trabajamos juntos, con todos los equipos t\u00e9cnicos de mantenimiento, inventario e inform\u00e1tica, \u00a1buscando un resultado personalizado para el Bondinho!<br>\u00a0<br>Hoy cuentan con una gesti\u00f3n integrada, que promueve un funcionamiento r\u00edtmico, haciendo el trabajo menos complejo.<br>O<strong>\u00a0Suite de aplicaciones IBM Maximo<\/strong>\u00a0transform\u00f3 el Parque Bondinho P\u00e3o de A\u00e7\u00facar en un hito tecnol\u00f3gico y nosotros en\u00a0<strong>AQUARELLE<\/strong>\u00a0\u00a1estamos orgullosos de formar parte de este logro!<\/h5>\n<\/div>\n<\/div>\n\n\n\n<div class=\"wp-block-greenshift-blocks-row-column gspb_row__col--6 gspb_col-id-gsbp-edf7387\" id=\"gspb_col-id-gsbp-edf7387\">\n<div class=\"wp-block-greenshift-blocks-video gs-video youtube gspb_video-id-gsbp-5d0afc1\" id=\"gs-video-gsbp-5d0afc1\"><div class=\"gs-video-wrapper\" itemscope><iframe class=\"gs-video-element\" data-src=\"https:\/\/youtu.be\/0x10K3Iy_OM?si=dgIDFxTYgqqWMk16\" data-provider=\"youtube\" data-autoplay=\"true\" data-playsinline=\"true\" data-controls=\"true\" data-loop=\"false\" data-mute=\"true\" data-overlay=\"false\" data-lightbox=\"false\" data-modestbranding=\"false\" data-suggested=\"false\" frameborder=\"0\" allowfullscreen><\/iframe><\/div><\/div>\n<\/div>\n <\/div><div class=\"gspb_shape-divider-container gspb_shape-divider-container--bottom\"><svg data-style=\"26\" x=\"0px\" y=\"0px\" viewbox=\"0 0 1200 366\" preserveaspectratio=\"none\"><polygon data-style=\"26\" class=\"gspb_st2 gspb_shape_2\" points=\"0 240 1200 0 1200 366 0 366\" fill=\"url(#sfirstbottomgsbp-79265f2)\"><\/polygon><polygon data-style=\"26\" class=\"gspb_st1 gspb_shape_1\" points=\"0 300 1200 60 1200 366 0 366\" fill=\"url(#ssecondbottomgsbp-79265f2)\"><\/polygon><polygon data-style=\"26\" class=\"gspb_st0 gspb_shape_0\" points=\"0 360 1200 120 1200 366 0 366\" fill=\"url(#sthirdbottomgsbp-79265f2)\"><\/polygon><defs><lineargradient id=\"sfirstbottomgsbp-79265f2\"><stop style=\"stop-color:var(--wp--preset--color--palette-color-1, var(--theme-palette-color-1, #052146))\" offset=\"0%\"><\/stop><stop style=\"stop-color:#0e3c779c\" offset=\"100%\"><\/stop><\/lineargradient><lineargradient id=\"ssecondbottomgsbp-79265f2\"><stop style=\"stop-color:var(--wp--preset--color--palette-color-1, var(--theme-palette-color-1, #052146))\" offset=\"0%\"><\/stop><stop style=\"stop-color:#0d4691\" offset=\"100%\"><\/stop><\/lineargradient><lineargradient id=\"sthirdbottomgsbp-79265f2\"><stop style=\"stop-color:var(--wp--preset--color--palette-color-1, var(--theme-palette-color-1, #052146))\" offset=\"0%\"><\/stop><stop style=\"stop-color:var(--wp--preset--color--palette-color-1, var(--theme-palette-color-1, #052146))\" offset=\"100%\"><\/stop><\/lineargradient><\/defs><\/svg><\/div><\/div>","protected":false},"excerpt":{"rendered":"","protected":false},"author":3,"featured_media":0,"parent":0,"menu_order":0,"comment_status":"closed","ping_status":"closed","template":"","meta":{"_gspb_post_css":".gspb_text-id-gsbp-edbe05d{font-size:16px;letter-spacing:.5px}@media (max-width:575.98px){.gspb_text-id-gsbp-edbe05d,.gspb_text-id-gsbp-edbe05d .gsap-g-line{text-align:center!important}}.gspb_text-id-gsbp-edbe05d{font-weight:400!important;color:var(--wp--preset--color--palette-color-2, var(--theme-palette-color-2, #E17335));margin-top:0!important;margin-bottom:10px!important}#gspb_heading-id-gsbp-ee42b92{font-size:30px}@media (max-width:575.98px){#gspb_heading-id-gsbp-ee42b92,#gspb_heading-id-gsbp-ee42b92 .gsap-g-line{text-align:center!important}}#gspb_heading-id-gsbp-ee42b92{color:#fff;margin-top:0;margin-bottom:0;padding-bottom:10px;max-width:600px}#gspb_heading-id-gsbp-32c3e26{font-size:18px}@media (max-width:575.98px){#gspb_heading-id-gsbp-32c3e26,#gspb_heading-id-gsbp-32c3e26 .gsap-g-line{text-align:center!important}}#gspb_heading-id-gsbp-32c3e26{font-weight:400!important;color:#fff;margin-top:0;margin-bottom:0;max-width:600px}#gspb_col-id-gsbp-4993959.gspb_row__col--6{width:50%}@media (max-width:575.98px){#gspb_col-id-gsbp-4993959.gspb_row__col--6{width:100%}}.gspb_container-id-gsbp-7170cc8{flex-direction:column;box-sizing:border-box}#gspb_container-id-gsbp-7170cc8.gspb_container>p:last-of-type{margin-bottom:0}.gs-video,.gspb_container{position:relative}#gspb_container-id-gsbp-7170cc8.gspb_container{padding:20px}@media (max-width:991.98px){#gspb_container-id-gsbp-7170cc8.gspb_container{padding:35px}}@media (max-width:575.98px){#gspb_container-id-gsbp-7170cc8.gspb_container{padding:10px}}#gspb_container-id-gsbp-7170cc8.gspb_container,#gspb_container-id-gsbp-7170cc8.gspb_container>.gspb_backgroundOverlay{border-top-left-radius:25px;border-top-right-radius:25px;border-bottom-right-radius:25px;border-bottom-left-radius:25px}#gspb_col-id-gsbp-edf7387.gspb_row__col--6{width:50%}@media (max-width:575.98px){#gspb_col-id-gsbp-edf7387.gspb_row__col--6{width:100%}}.gs-video-wrapper{position:relative;height:inherit;max-width:100%}.gs-video-header{text-align:center}.gs-video-header .gs-video-header-title{font-size:24px;line-height:1.3;font-weight:700;margin:0 0 15px}.gs-video-header .gs-video-header-description{font-size:16px;line-height:1.5;margin:0 0 25px}.gs-video video{display:block}.gs-video .gs-video-element,.gs-video .gs-video-wrapper iframe{width:100%;height:100%;object-fit:cover;border:0}.gs-video .gs-video-wrapper iframe{aspect-ratio:16\/9;display:block}.gs-video-overlay{position:absolute;left:0;top:0;width:100%;height:100%;z-index:3;background-color:rgba(0,0,0,.1);background-size:cover;background-position:center;background-repeat:no-repeat;cursor:pointer}.gs-video-overlay .gs-overlay-color{position:absolute;left:0;top:0;width:100%;height:100%;z-index:2}.gs-video-overlay:hover .gs-play-icon{opacity:1}.gs-video-popup .slbContentOuter{width:100%;max-width:1000px}.gs-video-popup .slbContentOuter .slbContent iframe,.gs-video-popup .slbContentOuter .slbContent video{width:100%;height:100%;object-fit:cover}.gs-video-popup .slbContentOuter .slbContent iframe{aspect-ratio:16\/9}.gs-video-popup .slbCloseBtn{font-size:30px;width:40px;height:40px;line-height:40px;right:0;top:-50px}#gs-video-gsbp-5d0afc1.gs-video .gs-video-wrapper iframe,#gs-video-gsbp-5d0afc1.gs-video .gs-video-wrapper video{object-fit:cover}#gspb_row-id-gsbp-79265f2{justify-content:space-between;display:flex;flex-wrap:wrap;align-content:center;margin-top:20px;margin-bottom:80px;isolation:isolate}#gspb_row-id-gsbp-79265f2>.gspb_row__content{display:flex;justify-content:space-between;margin:0 auto;width:100%;flex-wrap:wrap;align-items:center}.gspb_row{position:relative}div[id^=gspb_col-id]{box-sizing:border-box;position:relative;padding:15px min(3vw,20px)}body.gspb-bodyfront #gspb_row-id-gsbp-79265f2>.gspb_row__content{width:var(--theme-container-width, 1200px);max-width:var(--theme-normal-container-max-width, 1200px)}#gspb_row-id-gsbp-79265f2 .gspb_shape-divider-container{overflow:hidden;position:absolute;left:0;z-index:-1;width:100%;line-height:0;pointer-events:none}#gspb_row-id-gsbp-79265f2 .gspb_shape-divider-container svg{width:100%}#gspb_row-id-gsbp-79265f2 .gspb_shape-divider-container--bottom{bottom:0}#gspb_row-id-gsbp-79265f2 .gspb_shape-divider-container--bottom svg{height:300px}","iawp_total_views":343,"footnotes":""},"blocksy_meta":{"has_hero_section":"default","hero_alignment1":{"desktop":"left","tablet":"left","mobile":"left"},"pageTitleFontColor":{"default":{"color":"var(--theme-palette-color-8)"}},"pageExcerptColor":{"default":{"color":"var(--theme-palette-color-7)"}},"styles_descriptor":{"styles":{"desktop":"","tablet":"","mobile":""},"google_fonts":[],"version":6}},"_links":{"self":[{"href":"https:\/\/aquarelle.com.br\/es\/wp-json\/wp\/v2\/pages\/1080"}],"collection":[{"href":"https:\/\/aquarelle.com.br\/es\/wp-json\/wp\/v2\/pages"}],"about":[{"href":"https:\/\/aquarelle.com.br\/es\/wp-json\/wp\/v2\/types\/page"}],"author":[{"embeddable":true,"href":"https:\/\/aquarelle.com.br\/es\/wp-json\/wp\/v2\/users\/3"}],"replies":[{"embeddable":true,"href":"https:\/\/aquarelle.com.br\/es\/wp-json\/wp\/v2\/comments?post=1080"}],"version-history":[{"count":0,"href":"https:\/\/aquarelle.com.br\/es\/wp-json\/wp\/v2\/pages\/1080\/revisions"}],"wp:attachment":[{"href":"https:\/\/aquarelle.com.br\/es\/wp-json\/wp\/v2\/media?parent=1080"}],"curies":[{"name":"wp","href":"https:\/\/api.w.org\/{rel}","templated":true}]}}