{"id":1433,"date":"2024-08-06T10:34:38","date_gmt":"2024-08-06T13:34:38","guid":{"rendered":"https:\/\/aquarelle.com.br\/?page_id=1433"},"modified":"2024-12-27T16:13:02","modified_gmt":"2024-12-27T19:13:02","slug":"ibm-cloud","status":"publish","type":"page","link":"https:\/\/aquarelle.com.br\/es\/nube-ibm\/","title":{"rendered":"Nube de IBM"},"content":{"rendered":"<div class=\"wp-block-greenshift-blocks-row alignfull gspb_row gspb_row-id-gsbp-3dff84f\" id=\"gspb_row-id-gsbp-3dff84f\"><div class=\"gspb_row__content\"> \n<div class=\"wp-block-greenshift-blocks-row-column gspb_row__col--6 gspb_col-id-gsbp-4993959\" id=\"gspb_col-id-gsbp-4993959\">\n<div class=\"wp-block-greenshift-blocks-container gspb_container gspb_container-gsbp-7170cc8\" id=\"gspb_container-id-gsbp-7170cc8\">\n<div id=\"gspb_text-id-gsbp-edbe05d\" class=\"gspb_text gspb_text-id-gsbp-edbe05d\"><\/div>\n\n\n\n<h2 id=\"gspb_heading-id-gsbp-ee42b92\" class=\"gspb_heading gspb_heading-id-gsbp-ee42b92\"><strong>Servidores de alto rendimiento: acelere su viaje a la nube<\/strong><\/h2>\n\n\n\n<h5 id=\"gspb_heading-id-gsbp-32c3e26\" class=\"gspb_heading gspb_heading-id-gsbp-32c3e26\">Descubra IBM Cloud, \u00a1dise\u00f1ado para quienes desean velocidad, modernidad y alto rendimiento!<br><br><\/h5>\n<\/div>\n<\/div>\n\n\n\n<div class=\"wp-block-greenshift-blocks-row-column gspb_row__col--6 gspb_col-id-gsbp-edf7387\" id=\"gspb_col-id-gsbp-edf7387\">\n\n\n\n\n\n\n\n\n<\/p>\n\n\n\n<div class=\"wp-block-greenshift-blocks-video gs-video video gspb_video-id-gsbp-36fd271\" id=\"gs-video-gsbp-36fd271\"><div class=\"gs-video-wrapper\"><div class=\"gs-video-element\" data-src=\"https:\/\/aquarelle.com.br\/wp-content\/uploads\/2024\/08\/IBM-Cloud-Aquarelle-Espanhol.mp4\" data-autoplay=\"false\" data-playsinline=\"false\" data-controls=\"true\" data-loop=\"false\" data-mute=\"false\" data-poster=\"\" data-provider=\"video\" data-overlay=\"false\" data-lightbox=\"false\"><\/div><\/div><\/div>\n\n\n<p>\n<\/div>\n <\/div><div class=\"gspb_shape-divider-container gspb_shape-divider-container--bottom\"><\/div><\/div>\n\n\n\n<div class=\"wp-block-greenshift-blocks-row alignfull gspb_row gspb_row-id-gsbp-3d2a9e0\" id=\"gspb_row-id-gsbp-3d2a9e0\"><div class=\"gspb_row__content\"> \n<div class=\"wp-block-greenshift-blocks-row-column gspb_row__col--6 gspb_col-id-gsbp-99941a0\" id=\"gspb_col-id-gsbp-99941a0\">\n<div class=\"wp-block-greenshift-blocks-container gspb_container gspb_container-gsbp-e1c26a7\" id=\"gspb_container-id-gsbp-e1c26a7\">\n<div id=\"gspb_text-id-gsbp-e301ba8\" class=\"gspb_text gspb_text-id-gsbp-e301ba8\"><\/div>\n\n\n\n<h2 id=\"gspb_heading-id-gsbp-5e50675\" class=\"gspb_heading gspb_heading-id-gsbp-5e50675\">Cuente con Aquarelle como socio de IBM Cloud<\/h2>\n\n\n\n<h5 id=\"gspb_heading-id-gsbp-93c706c\" class=\"gspb_heading gspb_heading-id-gsbp-93c706c\">\u00bfHablamos?<br><br><\/h5>\n<\/div>\n<\/div>\n\n\n\n<div class=\"wp-block-greenshift-blocks-row-column gspb_row__col--6 gspb_col-id-gsbp-bb0d374\" id=\"gspb_col-id-gsbp-bb0d374\">\n<ul>\n<li><strong>P\u00f3ngase en l\u00ednea r\u00e1pidamente:<\/strong>&nbsp;Configure s\u00f3lidos servidores en nube en cuesti\u00f3n de minutos para satisfacer sus demandas espec\u00edficas.<\/li>\n\n\n\n<li><strong>Centros de datos mundiales avanzados:<\/strong>&nbsp;Ampl\u00ede sus operaciones con facilidad en nuestros 60 centros de datos y puntos de presencia (PoP) repartidos por seis regiones estrat\u00e9gicas.<\/li>\n\n\n\n<li><strong>Infraestructura adaptable:<\/strong>&nbsp;Ya sea para cargas de trabajo ligeras o pesadas, controle su infraestructura con total flexibilidad.<\/li>\n\n\n\n<li><strong>Servidores Bare Metal:<\/strong>&nbsp;Garantice el m\u00e1ximo rendimiento con servidores dedicados de inquilino \u00fanico, que ofrecen recursos exclusivos y opciones de facturaci\u00f3n flexibles.<\/li>\n\n\n\n<li><strong>Nube privada virtual:<\/strong>&nbsp;La seguridad y privacidad de una nube privada combinada con la eficiencia y escalabilidad de una nube p\u00fablica, disponible en IBM Cloud Virtual Server para VPC.<\/li>\n\n\n\n<li><strong>Servidores virtuales para infraestructuras cl\u00e1sicas:<\/strong>&nbsp;Aprovisione y ampl\u00ede servidores virtuales p\u00fablicos, dedicados o reservados seg\u00fan sus necesidades, con la comodidad de los servidores bajo demanda.<\/li>\n\n\n\n<li><strong>Contenedores y orquestaci\u00f3n:<\/strong>&nbsp;Desarrolle e implemente aplicaciones de nube con facilidad utilizando servicios gestionados como Red Hat\u00ae OpenShift\u00ae y Kubernetes.<\/li>\n<\/ul>\n<\/div>\n <\/div><div class=\"gspb_shape-divider-container gspb_shape-divider-container--bottom\"><\/div><\/div>","protected":false},"excerpt":{"rendered":"","protected":false},"author":3,"featured_media":0,"parent":0,"menu_order":0,"comment_status":"closed","ping_status":"closed","template":"","meta":{"_gspb_post_css":".gspb_text-id-gsbp-edbe05d{font-size:16px;letter-spacing:.5px}@media (max-width:575.98px){.gspb_text-id-gsbp-edbe05d,.gspb_text-id-gsbp-edbe05d .gsap-g-line{text-align:center!important}}.gspb_text-id-gsbp-edbe05d{font-weight:400!important;color:var(--wp--preset--color--palette-color-2, var(--theme-palette-color-2, #E17335));margin-top:0!important;margin-bottom:10px!important}#gspb_heading-id-gsbp-ee42b92{font-size:30px}@media (max-width:575.98px){#gspb_heading-id-gsbp-ee42b92,#gspb_heading-id-gsbp-ee42b92 .gsap-g-line{text-align:center!important}}#gspb_heading-id-gsbp-ee42b92{color:#fff;margin-top:0;margin-bottom:0;padding-bottom:10px;max-width:600px}#gspb_heading-id-gsbp-32c3e26{font-size:18px}@media (max-width:575.98px){#gspb_heading-id-gsbp-32c3e26,#gspb_heading-id-gsbp-32c3e26 .gsap-g-line{text-align:left!important}}#gspb_heading-id-gsbp-32c3e26{font-weight:400!important;color:#fff;margin-top:0;margin-bottom:0;max-width:600px}.gspb_text-id-gsbp-e301ba8{font-size:16px;letter-spacing:.5px}@media (max-width:575.98px){.gspb_text-id-gsbp-e301ba8,.gspb_text-id-gsbp-e301ba8 .gsap-g-line{text-align:center!important}}.gspb_text-id-gsbp-e301ba8{font-weight:400!important;color:var(--wp--preset--color--palette-color-2, var(--theme-palette-color-2, #E17335));margin-top:0!important;margin-bottom:10px!important}#gspb_heading-id-gsbp-5e50675{font-size:30px}@media (max-width:575.98px){#gspb_heading-id-gsbp-5e50675,#gspb_heading-id-gsbp-5e50675 .gsap-g-line{text-align:center!important}}#gspb_heading-id-gsbp-5e50675{color:#fff;margin-top:0;margin-bottom:0;padding-bottom:10px;max-width:600px}#gspb_heading-id-gsbp-93c706c{font-size:18px}@media (max-width:575.98px){#gspb_heading-id-gsbp-93c706c,#gspb_heading-id-gsbp-93c706c .gsap-g-line{text-align:left!important}}#gspb_heading-id-gsbp-93c706c{font-weight:400!important;color:#fff;margin-top:0;margin-bottom:0;max-width:600px}#gspb_col-id-gsbp-4993959.gspb_row__col--6{width:50%}@media (max-width:575.98px){#gspb_col-id-gsbp-4993959.gspb_row__col--6{width:100%}}.gspb_container-id-gsbp-7170cc8{flex-direction:column;box-sizing:border-box}#gspb_container-id-gsbp-7170cc8.gspb_container>p:last-of-type,#gspb_container-id-gsbp-e1c26a7.gspb_container>p:last-of-type{margin-bottom:0}#gspb_container-id-gsbp-7170cc8.gspb_container{padding:20px}@media (max-width:991.98px){#gspb_container-id-gsbp-7170cc8.gspb_container{padding:35px}}@media (max-width:575.98px){#gspb_container-id-gsbp-7170cc8.gspb_container{padding:10px}}#gspb_container-id-gsbp-7170cc8.gspb_container,#gspb_container-id-gsbp-7170cc8.gspb_container>.gspb_backgroundOverlay{border-top-left-radius:25px;border-top-right-radius:25px;border-bottom-right-radius:25px;border-bottom-left-radius:25px}#gspb_col-id-gsbp-edf7387.gspb_row__col--6{width:50%}@media (max-width:575.98px){#gspb_col-id-gsbp-edf7387.gspb_row__col--6{width:100%}}.gs-video video{display:block}.gs-video-overlay:hover .gs-play-icon{opacity:1}#gspb_col-id-gsbp-99941a0.gspb_row__col--6{width:50%}@media (max-width:575.98px){#gspb_col-id-gsbp-99941a0.gspb_row__col--6{width:100%}}.gspb_container-id-gsbp-e1c26a7{flex-direction:column;box-sizing:border-box}#gspb_container-id-gsbp-e1c26a7.gspb_container{padding:20px}@media (max-width:991.98px){#gspb_container-id-gsbp-e1c26a7.gspb_container{padding:35px}}@media (max-width:575.98px){#gspb_container-id-gsbp-e1c26a7.gspb_container{padding:10px}}#gspb_container-id-gsbp-e1c26a7.gspb_container,#gspb_container-id-gsbp-e1c26a7.gspb_container>.gspb_backgroundOverlay{border-top-left-radius:25px;border-top-right-radius:25px;border-bottom-right-radius:25px;border-bottom-left-radius:25px}#gspb_col-id-gsbp-bb0d374.gspb_row__col--6{width:50%}@media (max-width:575.98px){#gspb_col-id-gsbp-bb0d374.gspb_row__col--6{width:100%}}#gspb_row-id-gsbp-3d2a9e0,#gspb_row-id-gsbp-3dff84f{justify-content:space-between;display:flex;flex-wrap:wrap;align-content:center;margin-top:20px;margin-bottom:80px;isolation:isolate}#gspb_row-id-gsbp-3dff84f>.gspb_row__content{display:flex;justify-content:space-between;margin:0 auto;width:100%;flex-wrap:wrap;align-items:center}div[id^=gspb_col-id]{box-sizing:border-box;position:relative;padding:15px min(3vw,20px)}#gspb_row-id-gsbp-3dff84f .gspb_shape-divider-container{overflow:hidden;position:absolute;left:0;z-index:-1;width:100%;line-height:0;pointer-events:none}#gspb_row-id-gsbp-3dff84f .gspb_shape-divider-container svg{width:100%}#gspb_row-id-gsbp-3dff84f .gspb_shape-divider-container--bottom{bottom:0}#gspb_row-id-gsbp-3dff84f .gspb_shape-divider-container--bottom svg{height:300px}#gspb_row-id-gsbp-3d2a9e0{margin-top:38px}#gspb_row-id-gsbp-3d2a9e0>.gspb_row__content{display:flex;justify-content:space-between;margin:0 auto;width:100%;flex-wrap:wrap;align-items:center}body.gspb-bodyfront #gspb_row-id-gsbp-3d2a9e0>.gspb_row__content,body.gspb-bodyfront #gspb_row-id-gsbp-3dff84f>.gspb_row__content{width:var(--theme-container-width, 1200px);max-width:var(--theme-normal-container-max-width, 1200px)}#gspb_row-id-gsbp-3d2a9e0 .gspb_shape-divider-container{overflow:hidden;position:absolute;left:0;z-index:-1;width:100%;line-height:0;pointer-events:none}#gspb_row-id-gsbp-3d2a9e0 .gspb_shape-divider-container svg{width:100%}#gspb_row-id-gsbp-3d2a9e0 .gspb_shape-divider-container--bottom{bottom:0}#gspb_row-id-gsbp-3d2a9e0 .gspb_shape-divider-container--bottom svg{height:300px}.gs-video,.gspb_container,.gspb_row{position:relative}.gs-video-wrapper{position:relative;height:inherit;max-width:100%}.gs-video-header{text-align:center}.gs-video-header .gs-video-header-title{font-size:24px;line-height:1.3;font-weight:700;margin:0 0 15px}.gs-video-header .gs-video-header-description{font-size:16px;line-height:1.5;margin:0 0 25px}.gs-video .gs-video-element,.gs-video .gs-video-wrapper iframe{width:100%;height:100%;object-fit:cover;border:0}.gs-video .gs-video-wrapper iframe{aspect-ratio:16\/9;display:block}.gs-video-overlay{position:absolute;left:0;top:0;width:100%;height:100%;z-index:3;background-color:rgba(0,0,0,.1);background-size:cover;background-position:center;background-repeat:no-repeat;cursor:pointer}.gs-video-overlay .gs-overlay-color{position:absolute;left:0;top:0;width:100%;height:100%;z-index:2}.gs-video-popup .slbContentOuter{width:100%;max-width:1000px}.gs-video-popup .slbContentOuter .slbContent iframe,.gs-video-popup .slbContentOuter .slbContent video{width:100%;height:100%;object-fit:cover}.gs-video-popup .slbContentOuter .slbContent iframe{aspect-ratio:16\/9}.gs-video-popup .slbCloseBtn{font-size:30px;width:40px;height:40px;line-height:40px;right:0;top:-50px}","iawp_total_views":156,"footnotes":""},"blocksy_meta":[],"_links":{"self":[{"href":"https:\/\/aquarelle.com.br\/es\/wp-json\/wp\/v2\/pages\/1433"}],"collection":[{"href":"https:\/\/aquarelle.com.br\/es\/wp-json\/wp\/v2\/pages"}],"about":[{"href":"https:\/\/aquarelle.com.br\/es\/wp-json\/wp\/v2\/types\/page"}],"author":[{"embeddable":true,"href":"https:\/\/aquarelle.com.br\/es\/wp-json\/wp\/v2\/users\/3"}],"replies":[{"embeddable":true,"href":"https:\/\/aquarelle.com.br\/es\/wp-json\/wp\/v2\/comments?post=1433"}],"version-history":[{"count":0,"href":"https:\/\/aquarelle.com.br\/es\/wp-json\/wp\/v2\/pages\/1433\/revisions"}],"wp:attachment":[{"href":"https:\/\/aquarelle.com.br\/es\/wp-json\/wp\/v2\/media?parent=1433"}],"curies":[{"name":"wp","href":"https:\/\/api.w.org\/{rel}","templated":true}]}}