{"id":86,"date":"2024-05-28T11:49:14","date_gmt":"2024-05-28T14:49:14","guid":{"rendered":"https:\/\/aquarelle.com.br\/curadoria-de-chat-bot\/"},"modified":"2024-12-16T18:22:06","modified_gmt":"2024-12-16T21:22:06","slug":"curadoria-de-chat-bot","status":"publish","type":"page","link":"https:\/\/aquarelle.com.br\/es\/curacion-de-bots-de-chat\/","title":{"rendered":"Selecci\u00f3n de bots de chat"},"content":{"rendered":"<h1>Curaci\u00f3n de bots<\/h1>\n<ul>\n<li>\n\t\t\t\t\t\t\t\t\t\tInicio\n\t\t\t\t\t\t\t\t\t<\/li>\n<li>\n\t\t\t\t\t\t\t\t\t<\/li>\n<\/ul>\n<h6>chatbot<\/h6>\n<h2>La innovaci\u00f3n en el servicio al cliente ya est\u00e1 aqu\u00ed<\/h2>\n<p>Necesitas crear, o ya tienes, un chatbot y necesitas un equipo cualificado para cuidar los datos, crear nuevas interacciones, alimentar tu bot con nueva informaci\u00f3n para que sea cada vez m\u00e1s eficiente y humanizado.<\/p>\n<p>\u200b<\/p>\n<p>Nuestro equipo lo hace por usted.<\/p>\n<p>\t\t\t<a href=\"https:\/\/aquarelle.com.br\/es\/pongase-en-contacto-con\/\"><br \/>\n\t\t\t\t<svg aria-hidden=\"true\" viewbox=\"0 0 320 512\" xmlns=\"http:\/\/www.w3.org\/2000\/svg\"><path d=\"M285.476 272.971L91.132 467.314c-9.373 9.373-24.569 9.373-33.941 0l-22.667-22.667c-9.357-9.357-9.375-24.522-.04-33.901L188.505 256 34.484 101.255c-9.335-9.379-9.317-24.544.04-33.901l22.667-22.667c9.373-9.373 24.569-9.373 33.941 0L285.475 239.03c9.373 9.372 9.373 24.568.001 33.941z\"><\/path><\/svg><br \/>\n\t\t\t\t\t\tP\u00f3ngase en contacto<br \/>\n\t\t\t\t\t<\/a><br \/>\n\t\t\t\t\t\t\t\t\t\t\t\t\t<img loading=\"lazy\" decoding=\"async\" title=\"curaci\u00f3n de chatbot\" width=\"700\" height=\"467\" src=\"https:\/\/aquarelle.com.br\/wp-content\/uploads\/2024\/05\/curadoria-chatbot.png\" alt=\"curaci\u00f3n de chatbot\" srcset=\"https:\/\/aquarelle.com.br\/wp-content\/uploads\/2024\/05\/curadoria-chatbot.png 700w, https:\/\/aquarelle.com.br\/wp-content\/uploads\/2024\/05\/curadoria-chatbot-300x200.png 300w\" sizes=\"(max-width: 700px) 100vw, 700px\" \/>\t\t\t\t\t\t\t\t\t\t\t\t\t<\/p>\n<h2>\u00bfRenovamos tu chat bot?<\/h2>\n<h4>Empecemos.<\/h4>\n<p>\t\t\t<a href=\"https:\/\/aquarelle.com.br\/es\/pongase-en-contacto-con\/\"><br \/>\n\t\t\t\t<svg aria-hidden=\"true\" viewbox=\"0 0 320 512\" xmlns=\"http:\/\/www.w3.org\/2000\/svg\"><path d=\"M285.476 272.971L91.132 467.314c-9.373 9.373-24.569 9.373-33.941 0l-22.667-22.667c-9.357-9.357-9.375-24.522-.04-33.901L188.505 256 34.484 101.255c-9.335-9.379-9.317-24.544.04-33.901l22.667-22.667c9.373-9.373 24.569-9.373 33.941 0L285.475 239.03c9.373 9.372 9.373 24.568.001 33.941z\"><\/path><\/svg><br \/>\n\t\t\t\t\t\tP\u00f3ngase en contacto<br \/>\n\t\t\t\t\t<\/a><\/p>","protected":false},"excerpt":{"rendered":"<p>Curadoria de Bot Home chatbot A inova\u00e7\u00e3o em atendimento est\u00e1 aqui! Voc\u00ea precisa criar, ou j\u00e1 tem um chatbot e precisa de uma equipe capacitada que cuide dos dados, crie novas intera\u00e7\u00f5es, abaste\u00e7a seu bot com novas informa\u00e7\u00f5es, para que ele fique cada vez mais eficiente e humanizado. \u200b Nossa equipe faz isso pra voc\u00ea! [&hellip;]<\/p>","protected":false},"author":3,"featured_media":0,"parent":0,"menu_order":0,"comment_status":"closed","ping_status":"closed","template":"","meta":{"_gspb_post_css":"","iawp_total_views":39,"footnotes":""},"blocksy_meta":[],"_links":{"self":[{"href":"https:\/\/aquarelle.com.br\/es\/wp-json\/wp\/v2\/pages\/86"}],"collection":[{"href":"https:\/\/aquarelle.com.br\/es\/wp-json\/wp\/v2\/pages"}],"about":[{"href":"https:\/\/aquarelle.com.br\/es\/wp-json\/wp\/v2\/types\/page"}],"author":[{"embeddable":true,"href":"https:\/\/aquarelle.com.br\/es\/wp-json\/wp\/v2\/users\/3"}],"replies":[{"embeddable":true,"href":"https:\/\/aquarelle.com.br\/es\/wp-json\/wp\/v2\/comments?post=86"}],"version-history":[{"count":0,"href":"https:\/\/aquarelle.com.br\/es\/wp-json\/wp\/v2\/pages\/86\/revisions"}],"wp:attachment":[{"href":"https:\/\/aquarelle.com.br\/es\/wp-json\/wp\/v2\/media?parent=86"}],"curies":[{"name":"wp","href":"https:\/\/api.w.org\/{rel}","templated":true}]}}