{"id":93,"date":"2024-05-28T11:49:14","date_gmt":"2024-05-28T14:49:14","guid":{"rendered":"https:\/\/aquarelle.com.br\/implantacao\/"},"modified":"2024-08-05T19:57:41","modified_gmt":"2024-08-05T22:57:41","slug":"implantacao","status":"publish","type":"page","link":"https:\/\/aquarelle.com.br\/es\/aplicacion\/","title":{"rendered":"Aplicaci\u00f3n"},"content":{"rendered":"<ul>\n<li>\n\t\t\t\t\t\t\t\t\t\tInicio\n\t\t\t\t\t\t\t\t\t<\/li>\n<li>\n\t\t\t\t\t\t\t\t\t<\/li>\n<\/ul>\n<h6>Calidad<\/h6>\n<h2>\u00bfC\u00f3mo podemos ayudar a su empresa?<\/h2>\n<p>Cuente con nosotros para revisar el \u00c1rea de Calidad para que tenga el mejor coste y la mejor productividad.<\/p>\n<p>\t\t\t<a href=\"https:\/\/aquarelle.com.br\/es\/pongase-en-contacto-con\/\"><br \/>\n\t\t\t\t<svg aria-hidden=\"true\" viewbox=\"0 0 320 512\" xmlns=\"http:\/\/www.w3.org\/2000\/svg\"><path d=\"M285.476 272.971L91.132 467.314c-9.373 9.373-24.569 9.373-33.941 0l-22.667-22.667c-9.357-9.357-9.375-24.522-.04-33.901L188.505 256 34.484 101.255c-9.335-9.379-9.317-24.544.04-33.901l22.667-22.667c9.373-9.373 24.569-9.373 33.941 0L285.475 239.03c9.373 9.372 9.373 24.568.001 33.941z\"><\/path><\/svg><br \/>\n\t\t\t\t\t\tP\u00f3ngase en contacto con nosotros<br \/>\n\t\t\t\t\t<\/a><\/p>\n<h2>Procesos<\/h2>\n<p>Modelizaci\u00f3n de los procesos de calidad junto con las \u00e1reas implicadas.<\/p>\n<h2>Estrategia<\/h2>\n<p>Reorientar la estrategia y la t\u00e1ctica de las actividades realizadas en la zona.<\/p>\n<h2>Auditor\u00eda<\/h2>\n<p>Auditamos (PMO) las actividades realizadas para que puedan continuar los procesos de mejora, investigaci\u00f3n y reducci\u00f3n progresiva.<\/p>\n<h2>Cliente<\/h2>\n<p>Estudios del recorrido del cliente.<\/p>\n<h2>\u00bfLo afrontamos?<\/h2>\n<h4>Hable con nosotros<\/h4>\n<p>\t\t\t<a href=\"https:\/\/aquarelle.com.br\/es\/pongase-en-contacto-con\/\"><br \/>\n\t\t\t\t<svg aria-hidden=\"true\" viewbox=\"0 0 320 512\" xmlns=\"http:\/\/www.w3.org\/2000\/svg\"><path d=\"M285.476 272.971L91.132 467.314c-9.373 9.373-24.569 9.373-33.941 0l-22.667-22.667c-9.357-9.357-9.375-24.522-.04-33.901L188.505 256 34.484 101.255c-9.335-9.379-9.317-24.544.04-33.901l22.667-22.667c9.373-9.373 24.569-9.373 33.941 0L285.475 239.03c9.373 9.372 9.373 24.568.001 33.941z\"><\/path><\/svg><br \/>\n\t\t\t\t\t\tP\u00f3ngase en contacto<br \/>\n\t\t\t\t\t<\/a><\/p>","protected":false},"excerpt":{"rendered":"<p>Home Qualidade Como podemos ajudar sua empresa? Conte conosco para revisar a \u00c1rea de Qualidade para voc\u00ea ter melhor custo e a melhor produtividade. Entre em Contato Processos Modelar os processos de qualidade em conjunto com as \u00e1reas envolvidas. Estrat\u00e9gia Redirecionar a estrat\u00e9gia e t\u00e1tica das atividades realizadas na \u00e1rea. Auditoria Auditamos (PMO) as atividades [&hellip;]<\/p>","protected":false},"author":3,"featured_media":0,"parent":0,"menu_order":0,"comment_status":"closed","ping_status":"closed","template":"","meta":{"_gspb_post_css":"","iawp_total_views":16,"footnotes":""},"blocksy_meta":[],"_links":{"self":[{"href":"https:\/\/aquarelle.com.br\/es\/wp-json\/wp\/v2\/pages\/93"}],"collection":[{"href":"https:\/\/aquarelle.com.br\/es\/wp-json\/wp\/v2\/pages"}],"about":[{"href":"https:\/\/aquarelle.com.br\/es\/wp-json\/wp\/v2\/types\/page"}],"author":[{"embeddable":true,"href":"https:\/\/aquarelle.com.br\/es\/wp-json\/wp\/v2\/users\/3"}],"replies":[{"embeddable":true,"href":"https:\/\/aquarelle.com.br\/es\/wp-json\/wp\/v2\/comments?post=93"}],"version-history":[{"count":0,"href":"https:\/\/aquarelle.com.br\/es\/wp-json\/wp\/v2\/pages\/93\/revisions"}],"wp:attachment":[{"href":"https:\/\/aquarelle.com.br\/es\/wp-json\/wp\/v2\/media?parent=93"}],"curies":[{"name":"wp","href":"https:\/\/api.w.org\/{rel}","templated":true}]}}