{"id":100,"date":"2024-05-28T11:49:15","date_gmt":"2024-05-28T14:49:15","guid":{"rendered":"https:\/\/aquarelle.com.br\/politica-de-privacidade-2\/"},"modified":"2024-08-05T19:58:06","modified_gmt":"2024-08-05T22:58:06","slug":"politica-de-privacidade-2","status":"publish","type":"page","link":"https:\/\/aquarelle.com.br\/fr\/politique-de-confidentialite-2\/","title":{"rendered":"Politique de confidentialit\u00e9"},"content":{"rendered":"<div class=\"wp-block-greenshift-blocks-row alignfull gspb_row gspb_row-id-gsbp-2f54103\" id=\"gspb_row-id-gsbp-2f54103\"><div class=\"gspb_row__content\"> \n<div class=\"wp-block-greenshift-blocks-row-column gspb_row__col--6 gspb_col-id-gsbp-4993959\" id=\"gspb_col-id-gsbp-4993959\">\n<div class=\"wp-block-greenshift-blocks-container gspb_container gspb_container-gsbp-158765d\" id=\"gspb_container-id-gsbp-158765d\">\n<div id=\"gspb_text-id-gsbp-55d5187\" class=\"gspb_text gspb_text-id-gsbp-55d5187\">CONDITIONS ET POLITIQUE DE CONFIDENTIALIT\u00c9<\/div>\n\n\n\n<h2 id=\"gspb_heading-id-gsbp-aa25f05\" class=\"gspb_heading gspb_heading-id-gsbp-aa25f05\">Politique d'utilisation des marques<\/h2>\n\n\n\n<div id=\"gspb_text-id-gsbp-e1f8881\" class=\"gspb_text gspb_text-id-gsbp-e1f8881\">Aquarelle est une soci\u00e9t\u00e9 de grandes marques, li\u00e9es aux produits, textes, photographies, images et logos de ce site, qui sont prot\u00e9g\u00e9s par le droit d'auteur, le droit de la propri\u00e9t\u00e9 industrielle et le droit de la personnalit\u00e9 relatif \u00e0 l'image, \u00e0 la voix et au nom.<br><br>Toutes les marques d'Aquarelle, y compris les siennes, sont enregistr\u00e9es aupr\u00e8s de l'Institut national de la propri\u00e9t\u00e9 industrielle (INPI), l'organisme responsable de l'enregistrement des marques au Br\u00e9sil, et aupr\u00e8s de divers autres organismes comp\u00e9tents \u00e0 l'\u00e9tranger.<br><br>Aquarelle a ainsi le droit d'emp\u00eacher les tiers d'utiliser abusivement ses marques et autres \u00e9l\u00e9ments publi\u00e9s sur le site et dans ses m\u00e9dias, pr\u00e9venant ainsi la concurrence d\u00e9loyale et prot\u00e9geant l'effort, l'investissement, le travail et le succ\u00e8s de ses marques et produits.<br>Vous acceptez donc d'\u00eatre seul responsable de toute utilisation non autoris\u00e9e du contenu de ce site et nous ne m\u00e9nagerons aucun effort pour pr\u00e9server pleinement vos droits de propri\u00e9t\u00e9.<br><br>La politique est r\u00e9gie par le droit br\u00e9silien et doit \u00eatre interpr\u00e9t\u00e9e en langue portugaise. Toute situation conflictuelle qui ne peut \u00eatre r\u00e9solue par une n\u00e9gociation \u00e0 l'amiable sera r\u00e9gl\u00e9e par les tribunaux de S\u00e3o Paulo, SP, Br\u00e9sil.<br><br>Aquarelle se r\u00e9serve le droit de modifier la Politique de Confidentialit\u00e9 afin de l'adapter aux \u00e9volutions l\u00e9gislatives ou jurisprudentielles, ainsi qu'\u00e0 celles relatives aux pratiques commerciales. En tout \u00e9tat de cause, Aquarelle rendra les modifications disponibles sur son site Internet.<\/div>\n\n\n\n<h2 id=\"gspb_heading-id-gsbp-edd63e7\" class=\"gspb_heading gspb_heading-id-gsbp-edd63e7\">Obtention et utilisation d'informations<\/h2>\n\n\n\n<div id=\"gspb_text-id-gsbp-1350198\" class=\"gspb_text gspb_text-id-gsbp-1350198\">Les donn\u00e9es personnelles ne seront en aucun cas divulgu\u00e9es. Nous garantissons que vos donn\u00e9es ne seront pas utilis\u00e9es \u00e0 d'autres fins que la communication entre Aquarelle et vous.<br><br>Toutes les donn\u00e9es que vous, le client, fournissez sur notre site web ou dans nos m\u00e9dias sont confidentielles et ne seront utilis\u00e9es que pour participer aux promotions et \u00e0 nos communications avec vous.<br><br>Les donn\u00e9es demand\u00e9es lorsque vous vous inscrivez sur le site ou sur nos r\u00e9seaux sont exclusivement destin\u00e9es \u00e0 la communication avec vous.<br>Vous, le client, d\u00e9clarez que vous acceptez notre politique en mati\u00e8re de collecte et d'utilisation des informations et que vous \u00eates conscient qu'elles peuvent \u00eatre utilis\u00e9es pour toute communication entre nous.<br><br>Vous, le client, garantissez la v\u00e9racit\u00e9 et l'exactitude des informations et des donn\u00e9es que vous fournissez sur notre site web et assumez la responsabilit\u00e9 correspondante si elles ne sont pas exactes, ainsi que l'engagement de les tenir \u00e0 jour. Nous n'assumons aucune responsabilit\u00e9 en cas d'inexactitude des donn\u00e9es que vous fournissez.<br><br>Notre site garantit la confidentialit\u00e9 des donn\u00e9es personnelles de nos consommateurs stock\u00e9es dans notre base de donn\u00e9es et s'engage \u00e0 utiliser des syst\u00e8mes dot\u00e9s d'une technologie s\u00e9curis\u00e9e pour la protection de ces donn\u00e9es, en s'effor\u00e7ant de maintenir l'environnement s\u00fbr gr\u00e2ce \u00e0 l'utilisation d'outils appropri\u00e9s.<br><\/div>\n\n\n\n<h2 id=\"gspb_heading-id-gsbp-a941fa3\" class=\"gspb_heading gspb_heading-id-gsbp-a941fa3\">Envoi d'avis et de messages<\/h2>\n\n\n\n<div id=\"gspb_text-id-gsbp-0826946\" class=\"gspb_text gspb_text-id-gsbp-0826946\">Nous pouvons envoyer des communications et des messages publicitaires aux clients enregistr\u00e9s, en utilisant toutes les technologies et tous les moyens de communication disponibles, que ce soit par courrier \u00e9lectronique, SMS, MMS, publipostage (et) autres. Vous y consentez en fournissant vos donn\u00e9es.<br><br>Les communications, lettres d'information, avis d'offres et messages publicitaires envoy\u00e9s par courrier \u00e9lectronique doivent comporter une option permettant de refuser de recevoir ce type de message. L'option de d\u00e9sinscription se fait par l'interm\u00e9diaire de l'adresse \u00e9lectronique fournie sur le site. Par cons\u00e9quent, les consommateurs qui ont plus d'une inscription peuvent continuer \u00e0 recevoir des communications ou des messages publicitaires sur l'adresse \u00e9lectronique qui n'a pas \u00e9t\u00e9 d\u00e9sactiv\u00e9e.<br><br>Nous vous rappelons que l'adresse \u00e9lectronique fournie au moment de l'enregistrement sera utilis\u00e9e pour envoyer des communications tout au long du processus d'achat, par exemple pour vous informer des d\u00e9tails de votre commande, de l'\u00e9tat de la commande, de la facturation des factures, de l'envoi de propositions, entre autres communications pertinentes pour les n\u00e9gociations qui ont lieu entre le client et l'entreprise. Nous vous recommandons donc d'inclure l'exp\u00e9diteur de confiance pour \u00e9viter que ces messages ne soient intercept\u00e9s par l'Anti-Spam.<br><\/div>\n\n\n\n<h2 id=\"gspb_heading-id-gsbp-1dfd887\" class=\"gspb_heading gspb_heading-id-gsbp-1dfd887\">Modifications de notre politique<\/h2>\n\n\n\n<div id=\"gspb_text-id-gsbp-3833575\" class=\"gspb_text gspb_text-id-gsbp-3833575\">Dans un souci d'am\u00e9lioration continue, nous pouvons modifier notre politique de confidentialit\u00e9 \u00e0 tout moment. Toutefois, chaque fois que cela se produira, nous publierons les modifications sur notre site web.<br><br>En vous inscrivant sur nos supports num\u00e9riques ou sur notre site web, vous, le consommateur, acceptez les termes de la politique de confidentialit\u00e9 en vigueur \u00e0 ce moment-l\u00e0, et il vous incombe de la v\u00e9rifier au pr\u00e9alable lors de chaque visite.<\/div>\n<\/div>\n<\/div>\n <\/div><div class=\"gspb_shape-divider-container gspb_shape-divider-container--bottom\"><svg data-style=\"26\" x=\"0px\" y=\"0px\" viewbox=\"0 0 1200 366\" preserveaspectratio=\"none\"><polygon data-style=\"26\" class=\"gspb_st2 gspb_shape_2\" points=\"0 240 1200 0 1200 366 0 366\" fill=\"url(#sfirstbottomgsbp-2f54103)\"><\/polygon><polygon data-style=\"26\" class=\"gspb_st1 gspb_shape_1\" points=\"0 300 1200 60 1200 366 0 366\" fill=\"url(#ssecondbottomgsbp-2f54103)\"><\/polygon><polygon data-style=\"26\" class=\"gspb_st0 gspb_shape_0\" points=\"0 360 1200 120 1200 366 0 366\" fill=\"url(#sthirdbottomgsbp-2f54103)\"><\/polygon><defs><lineargradient id=\"sfirstbottomgsbp-2f54103\"><stop style=\"stop-color:var(--wp--preset--color--palette-color-1, var(--theme-palette-color-1, #052146))\" offset=\"0%\"><\/stop><stop style=\"stop-color:#0e3c779c\" offset=\"100%\"><\/stop><\/lineargradient><lineargradient id=\"ssecondbottomgsbp-2f54103\"><stop style=\"stop-color:var(--wp--preset--color--palette-color-1, var(--theme-palette-color-1, #052146))\" offset=\"0%\"><\/stop><stop style=\"stop-color:#0d4691\" offset=\"100%\"><\/stop><\/lineargradient><lineargradient id=\"sthirdbottomgsbp-2f54103\"><stop style=\"stop-color:var(--wp--preset--color--palette-color-1, var(--theme-palette-color-1, #052146))\" offset=\"0%\"><\/stop><stop style=\"stop-color:var(--wp--preset--color--palette-color-1, var(--theme-palette-color-1, #052146))\" offset=\"100%\"><\/stop><\/lineargradient><\/defs><\/svg><\/div><\/div>","protected":false},"excerpt":{"rendered":"","protected":false},"author":3,"featured_media":0,"parent":0,"menu_order":0,"comment_status":"closed","ping_status":"closed","template":"","meta":{"_gspb_post_css":"#gspb_col-id-gsbp-4993959.gspb_row__col--6{width:50%}@media (max-width:575.98px){#gspb_col-id-gsbp-4993959.gspb_row__col--6{width:100%}}@media (min-width:992px){body.gspb-bodyfront #gspb_col-id-gsbp-4993959.gspb_row__col--6{width:calc(100% - 0px - 0px)}}#gspb_row-id-gsbp-2f54103{justify-content:space-between;display:flex;flex-wrap:wrap;align-content:center;margin-top:20px;margin-bottom:80px;isolation:isolate}#gspb_row-id-gsbp-2f54103>.gspb_row__content{display:flex;justify-content:space-between;margin:0 auto;width:100%;flex-wrap:wrap;align-items:center}.gspb_row{position:relative}div[id^=gspb_col-id]{box-sizing:border-box;position:relative;padding:15px min(3vw,20px)}body.gspb-bodyfront #gspb_row-id-gsbp-2f54103>.gspb_row__content{width:var(--theme-container-width, 1200px);max-width:var(--theme-normal-container-max-width, 1200px)}#gspb_row-id-gsbp-2f54103 .gspb_shape-divider-container{overflow:hidden;position:absolute;left:0;z-index:-1;width:100%;line-height:0;pointer-events:none}#gspb_row-id-gsbp-2f54103 .gspb_shape-divider-container svg{width:100%}#gspb_row-id-gsbp-2f54103 .gspb_shape-divider-container--bottom{bottom:0}#gspb_row-id-gsbp-2f54103 .gspb_shape-divider-container--bottom svg{height:300px}.gspb_container-id-gsbp-158765d{flex-direction:column;box-sizing:border-box}#gspb_container-id-gsbp-158765d.gspb_container>p:last-of-type{margin-bottom:0}.gspb_container{position:relative}.gspb_text-id-gsbp-55d5187{font-size:16px;letter-spacing:1px;color:var(--wp--preset--color--palette-color-2, var(--theme-palette-color-2, #2CCC64))}#gspb_heading-id-gsbp-1dfd887,#gspb_heading-id-gsbp-a941fa3,#gspb_heading-id-gsbp-aa25f05,#gspb_heading-id-gsbp-edd63e7{font-size:30px;margin-top:20px;margin-bottom:20px}.gspb_text-id-gsbp-0826946,.gspb_text-id-gsbp-1350198,.gspb_text-id-gsbp-3833575,.gspb_text-id-gsbp-e1f8881{font-size:18px}","iawp_total_views":113,"footnotes":""},"blocksy_meta":[],"_links":{"self":[{"href":"https:\/\/aquarelle.com.br\/fr\/wp-json\/wp\/v2\/pages\/100"}],"collection":[{"href":"https:\/\/aquarelle.com.br\/fr\/wp-json\/wp\/v2\/pages"}],"about":[{"href":"https:\/\/aquarelle.com.br\/fr\/wp-json\/wp\/v2\/types\/page"}],"author":[{"embeddable":true,"href":"https:\/\/aquarelle.com.br\/fr\/wp-json\/wp\/v2\/users\/3"}],"replies":[{"embeddable":true,"href":"https:\/\/aquarelle.com.br\/fr\/wp-json\/wp\/v2\/comments?post=100"}],"version-history":[{"count":0,"href":"https:\/\/aquarelle.com.br\/fr\/wp-json\/wp\/v2\/pages\/100\/revisions"}],"wp:attachment":[{"href":"https:\/\/aquarelle.com.br\/fr\/wp-json\/wp\/v2\/media?parent=100"}],"curies":[{"name":"wp","href":"https:\/\/api.w.org\/{rel}","templated":true}]}}