{"id":1082,"date":"2024-06-18T15:38:32","date_gmt":"2024-06-18T18:38:32","guid":{"rendered":"https:\/\/aquarelle.com.br\/?page_id=1082"},"modified":"2024-12-16T18:22:03","modified_gmt":"2024-12-16T21:22:03","slug":"industria-4-0-ibm-maximo-iot-sensores","status":"publish","type":"page","link":"https:\/\/aquarelle.com.br\/fr\/industrie-4-0-2\/","title":{"rendered":"Industrie 4.0"},"content":{"rendered":"<div class=\"wp-block-greenshift-blocks-row alignfull gspb_row gspb_row-id-gsbp-ad85335\" id=\"gspb_row-id-gsbp-ad85335\"><div class=\"gspb_row__content\"> \n<div class=\"wp-block-greenshift-blocks-row-column gspb_row__col--6 gspb_col-id-gsbp-4993959\" id=\"gspb_col-id-gsbp-4993959\">\n<div class=\"wp-block-greenshift-blocks-container gspb_container gspb_container-gsbp-7170cc8\" id=\"gspb_container-id-gsbp-7170cc8\">\n<div id=\"gspb_text-id-gsbp-edbe05d\" class=\"gspb_text gspb_text-id-gsbp-edbe05d\">INTERNET DES OBJETS<\/div>\n\n\n\n<h2 id=\"gspb_heading-id-gsbp-ee42b92\" class=\"gspb_heading gspb_heading-id-gsbp-ee42b92\">L'avenir est d\u00e9j\u00e0 notre r\u00e9alit\u00e9 !<\/h2>\n\n\n\n<h5 id=\"gspb_heading-id-gsbp-32c3e26\" class=\"gspb_heading gspb_heading-id-gsbp-32c3e26\">L'industrie 4.0 r\u00e9volutionne la mani\u00e8re dont les entreprises fabriquent, am\u00e9liorent et distribuent leurs produits. Les fabricants int\u00e8grent des technologies habilitantes, notamment l'internet des objets (IoT), l'informatique en nuage et l'analytique, ainsi que l'IA et l'apprentissage automatique, dans leurs installations de production et dans l'ensemble de leurs op\u00e9rations.<br><br>Ces usines intelligentes sont \u00e9quip\u00e9es de capteurs avanc\u00e9s, de logiciels int\u00e9gr\u00e9s et de robots qui collectent et analysent les donn\u00e9es et permettent une meilleure prise de d\u00e9cision.<\/h5>\n<\/div>\n<\/div>\n\n\n\n<div class=\"wp-block-greenshift-blocks-row-column gspb_row__col--6 gspb_col-id-gsbp-edf7387\" id=\"gspb_col-id-gsbp-edf7387\">\n<div class=\"wp-block-greenshift-blocks-image gspb_image gspb_image-id-gsbp-045d4cf\" id=\"gspb_image-id-gsbp-045d4cf\"><img decoding=\"async\" title=\"affiche1\" src=\"https:\/\/aquarelle.com.br\/wp-content\/uploads\/2024\/05\/poster1.png\" data-src=\"\" alt=\"affiche1\" loading=\"lazy\" width=\"600px\" height=\"292\"\/><\/div>\n<\/div>\n <\/div><div class=\"gspb_shape-divider-container gspb_shape-divider-container--bottom\"><svg data-style=\"26\" x=\"0px\" y=\"0px\" viewbox=\"0 0 1200 366\" preserveaspectratio=\"none\"><polygon data-style=\"26\" class=\"gspb_st2 gspb_shape_2\" points=\"0 240 1200 0 1200 366 0 366\" fill=\"url(#sfirstbottomgsbp-ad85335)\"><\/polygon><polygon data-style=\"26\" class=\"gspb_st1 gspb_shape_1\" points=\"0 300 1200 60 1200 366 0 366\" fill=\"url(#ssecondbottomgsbp-ad85335)\"><\/polygon><polygon data-style=\"26\" class=\"gspb_st0 gspb_shape_0\" points=\"0 360 1200 120 1200 366 0 366\" fill=\"url(#sthirdbottomgsbp-ad85335)\"><\/polygon><defs><lineargradient id=\"sfirstbottomgsbp-ad85335\"><stop style=\"stop-color:var(--wp--preset--color--palette-color-1, var(--theme-palette-color-1, #052146))\" offset=\"0%\"><\/stop><stop style=\"stop-color:#0e3c779c\" offset=\"100%\"><\/stop><\/lineargradient><lineargradient id=\"ssecondbottomgsbp-ad85335\"><stop style=\"stop-color:var(--wp--preset--color--palette-color-1, var(--theme-palette-color-1, #052146))\" offset=\"0%\"><\/stop><stop style=\"stop-color:#0d4691\" offset=\"100%\"><\/stop><\/lineargradient><lineargradient id=\"sthirdbottomgsbp-ad85335\"><stop style=\"stop-color:var(--wp--preset--color--palette-color-1, var(--theme-palette-color-1, #052146))\" offset=\"0%\"><\/stop><stop style=\"stop-color:var(--wp--preset--color--palette-color-1, var(--theme-palette-color-1, #052146))\" offset=\"100%\"><\/stop><\/lineargradient><\/defs><\/svg><\/div><\/div>\n\n\n\n<div class=\"wp-block-greenshift-blocks-row alignfull gspb_row gspb_row-id-gsbp-2111378\" id=\"gspb_row-id-gsbp-2111378\"><div class=\"gspb_backgroundOverlay\"><\/div><div class=\"gspb_row__content\"> \n<div class=\"wp-block-greenshift-blocks-row-column gspb_row__col--6 gspb_col-id-gsbp-b736f52\" id=\"gspb_col-id-gsbp-b736f52\">\n<div class=\"wp-block-greenshift-blocks-container gspb_container gspb_container-gsbp-6158428\" id=\"gspb_container-id-gsbp-6158428\">\n<div id=\"gspb_text-id-gsbp-ddb8740\" class=\"gspb_text gspb_text-id-gsbp-ddb8740\">INTERNET DES OBJETS<\/div>\n\n\n\n<h2 id=\"gspb_heading-id-gsbp-d2fe8a9\" class=\"gspb_heading gspb_heading-id-gsbp-d2fe8a9\">Quelles sont les technologies \u00e0 l'origine de l'industrie 4.0 ?<\/h2>\n\n\n\n<h5 id=\"gspb_heading-id-gsbp-ab974e5\" class=\"gspb_heading gspb_heading-id-gsbp-ab974e5\">Nous sommes d\u00e9sormais dans la quatri\u00e8me r\u00e9volution industrielle, \u00e9galement appel\u00e9e Industrie 4.0, qui se caract\u00e9rise par une automatisation accrue et l'utilisation d'usines intelligentes inform\u00e9es par des donn\u00e9es pour produire des biens de mani\u00e8re plus efficace et plus productive.<br><br>La flexibilit\u00e9 est am\u00e9lior\u00e9e afin que les fabricants puissent mieux r\u00e9pondre aux demandes des clients gr\u00e2ce \u00e0 la personnalisation de masse, en cherchant en fin de compte \u00e0 atteindre l'efficacit\u00e9 avec, dans de nombreux cas, un seul petit lot.<br><br>En collectant davantage de donn\u00e9es provenant de l'atelier et en les combinant avec les autres donn\u00e9es op\u00e9rationnelles de l'entreprise, une usine intelligente permet de prendre de meilleures d\u00e9cisions.<\/h5>\n<\/div>\n<\/div>\n\n\n\n<div class=\"wp-block-greenshift-blocks-row-column gspb_row__col--6 gspb_col-id-gsbp-583b26f\" id=\"gspb_col-id-gsbp-583b26f\">\n<div class=\"wp-block-greenshift-blocks-container gspb_container gspb_container-gsbp-4c17b724-ca9b\" id=\"gspb_container-id-gsbp-4c17b724-ca9b\">\n<div class=\"wp-block-greenshift-blocks-container gspb_container gspb_container-gsbp-6791264\" id=\"gspb_container-id-gsbp-6791264\">\n<div class=\"wp-block-greenshift-blocks-iconbox gspb_iconBox gspb_iconBox-id-gsbp-edb2194\" id=\"gspb_iconBox-id-gsbp-edb2194\"><div class=\"gspb_iconBox__wrapper\" style=\"display:inline-flex\"><svg xmlns=\"http:\/\/www.w3.org\/2000\/svg\" style=\"width:5rem;height:5rem;margin:10px\" width=\"32\" height=\"32\" viewbox=\"0 0 24 24\"><path fill=\"currentColor\" d=\"M12 21q-1.05 0-1.775-.725T9.5 18.5t.725-1.775T12 16t1.775.725t.725 1.775t-.725 1.775T12 21m0-11q1.875 0 3.563.6t3.062 1.65q.5.375.513.988T18.7 14.3q-.425.425-1.05.438t-1.125-.338q-.95-.65-2.1-1.025T12 13t-2.425.375t-2.1 1.025q-.5.35-1.125.325t-1.05-.45q-.425-.45-.425-1.062t.5-.988q1.375-1.05 3.063-1.638T12 10m0-6q3.125 0 5.888 1.025t4.962 2.9q.5.425.525 1.05t-.425 1.075q-.425.425-1.05.438t-1.125-.388q-1.8-1.475-4.037-2.287T12 7t-4.737.813T3.225 10.1q-.5.4-1.125.388t-1.05-.438Q.6 9.6.625 8.975t.525-1.05q2.2-1.875 4.963-2.9T12 4\"><\/path><\/svg><\/div><\/div>\n\n\n\n<div id=\"gspb_heading-id-gsbp-d855a4b\" class=\"gspb_heading gspb_heading-id-gsbp-d855a4b\">Internet des objets<span class=\"gspb_heading_subtitle\">L'internet des objets (IdO) est un \u00e9l\u00e9ment fondamental des usines intelligentes. Les machines de l'usine sont \u00e9quip\u00e9es de capteurs qui comportent une adresse IP permettant aux machines de se connecter \u00e0 d'autres appareils compatibles avec le web.<\/span><\/div>\n<\/div>\n\n\n\n<div class=\"wp-block-greenshift-blocks-container gspb_container gspb_container-gsbp-abadd43\" id=\"gspb_container-id-gsbp-abadd43\">\n<div class=\"wp-block-greenshift-blocks-iconbox gspb_iconBox gspb_iconBox-id-gsbp-6033ac3\" id=\"gspb_iconBox-id-gsbp-6033ac3\"><div class=\"gspb_iconBox__wrapper\" style=\"display:inline-flex\"><svg xmlns=\"http:\/\/www.w3.org\/2000\/svg\" style=\"width:5rem;height:5rem;margin:10px\" width=\"32\" height=\"32\" viewbox=\"0 0 24 24\"><g fill=\"none\" stroke=\"currentColor\" stroke-linecap=\"round\" stroke-linejoin=\"round\" stroke-width=\"1.5\" color=\"currentColor\"><path d=\"M4 12c0-3.771 0-5.657 1.172-6.828S8.229 4 12 4s5.657 0 6.828 1.172S20 8.229 20 12s0 5.657-1.172 6.828S15.771 20 12 20s-5.657 0-6.828-1.172S4 15.771 4 12\"><\/path><path d=\"m7.5 15l1.842-5.526a.694.694 0 0 1 1.316 0L12.5 15m-4-2h3m4-4v6M8 2v2m8-2v2m-4-2v2M8 20v2m4-2v2m4-2v2m6-6h-2M4 8H2m2 8H2m2-4H2m20-4h-2m2 4h-2\"><\/path><\/g><\/svg><\/div><\/div>\n\n\n\n<div id=\"gspb_heading-id-gsbp-55c5cb7\" class=\"gspb_heading gspb_heading-id-gsbp-55c5cb7\">IA et apprentissage automatique<span class=\"gspb_heading_subtitle\">L'IA et l'apprentissage automatique permettent aux entreprises manufacturi\u00e8res de tirer pleinement parti du volume d'informations g\u00e9n\u00e9r\u00e9es non seulement dans l'atelier, mais aussi dans l'ensemble de leurs unit\u00e9s commerciales et m\u00eame aupr\u00e8s de partenaires et de sources tierces.<\/span><\/div>\n<\/div>\n\n\n\n<div class=\"wp-block-greenshift-blocks-container gspb_container gspb_container-gsbp-6abadb5\" id=\"gspb_container-id-gsbp-6abadb5\">\n<div class=\"wp-block-greenshift-blocks-iconbox gspb_iconBox gspb_iconBox-id-gsbp-984844e\" id=\"gspb_iconBox-id-gsbp-984844e\"><div class=\"gspb_iconBox__wrapper\" style=\"display:inline-flex\"><svg xmlns=\"http:\/\/www.w3.org\/2000\/svg\" style=\"width:5rem;height:5rem;margin:10px\" width=\"32\" height=\"32\" viewbox=\"0 0 24 24\"><path fill=\"currentColor\" d=\"M19.35 10.04A7.49 7.49 0 0 0 12 4C9.11 4 6.6 5.64 5.35 8.04A5.994 5.994 0 0 0 0 14c0 3.31 2.69 6 6 6h13c2.76 0 5-2.24 5-5c0-2.64-2.05-4.78-4.65-4.96M10 17l-3.5-3.5l1.41-1.41L10 14.18L15.18 9l1.41 1.41z\"><\/path><\/svg><\/div><\/div>\n\n\n\n<div id=\"gspb_heading-id-gsbp-4f1a47a\" class=\"gspb_heading gspb_heading-id-gsbp-4f1a47a\">Informatique en nuage<span class=\"gspb_heading_subtitle\">Le cloud computing est la base de toute strat\u00e9gie de l'industrie 4.0. La mise en \u0153uvre compl\u00e8te de la fabrication intelligente n\u00e9cessite la connectivit\u00e9 et l'int\u00e9gration de l'ing\u00e9nierie, de la cha\u00eene d'approvisionnement, de la production, de la vente et de la distribution, et du service. Le cloud contribue \u00e0 rendre cela possible.<\/span><\/div>\n<\/div>\n\n\n\n<div class=\"wp-block-greenshift-blocks-container gspb_container gspb_container-gsbp-6e4da931-488f\" id=\"gspb_container-id-gsbp-6e4da931-488f\">\n<div class=\"wp-block-greenshift-blocks-iconbox gspb_iconBox gspb_iconBox-id-gsbp-a4c72a50-9ab6\" id=\"gspb_iconBox-id-gsbp-a4c72a50-9ab6\"><div class=\"gspb_iconBox__wrapper\" style=\"display:inline-flex\"><svg xmlns=\"http:\/\/www.w3.org\/2000\/svg\" style=\"width:5rem;height:5rem;margin:10px\" width=\"32\" height=\"32\" viewbox=\"0 0 24 24\"><path fill=\"currentColor\" d=\"M8.82 10.99L7 9.17V6H6V2h3v4H8v2.76l1.72 1.72A5.6 5.6 0 0 1 12 10a5.6 5.6 0 0 1 1 .09V5.91a1.5 1.5 0 1 1 1 0v4.46A5.45 5.45 0 0 1 16.29 12h2.8a1.5 1.5 0 1 1 0 1h-2.12a5.4 5.4 0 0 1 .54 1.53a3.74 3.74 0 0 1-.26 7.47H7.5a4.499 4.499 0 0 1-2.47-8.26l-1.89-1.89a1.518 1.518 0 1 1 .71-.71l2.13 2.13a4.4 4.4 0 0 1 1.03-.24a5.56 5.56 0 0 1 1.81-2.04\"><\/path><\/svg><\/div><\/div>\n\n\n\n<div id=\"gspb_heading-id-gsbp-63ba9485-f926\" class=\"gspb_heading gspb_heading-id-gsbp-63ba9485-f926\">Informatique de pointe<span class=\"gspb_heading_subtitle\">Les exigences des op\u00e9rations de production en temps r\u00e9el signifient que certaines analyses de donn\u00e9es doivent \u00eatre effectu\u00e9es \u00e0 la \"p\u00e9riph\u00e9rie\", c'est-\u00e0-dire l\u00e0 o\u00f9 les donn\u00e9es sont cr\u00e9\u00e9es. Cela permet de minimiser le temps de latence entre le moment o\u00f9 les donn\u00e9es sont produites et celui o\u00f9 une r\u00e9ponse est requise. Par exemple, la d\u00e9tection d'un probl\u00e8me de s\u00e9curit\u00e9 ou de qualit\u00e9 peut n\u00e9cessiter une action en temps quasi r\u00e9el sur l'\u00e9quipement.<\/span><\/div>\n<\/div>\n<\/div>\n<\/div>\n <\/div><\/div>","protected":false},"excerpt":{"rendered":"","protected":false},"author":3,"featured_media":0,"parent":0,"menu_order":0,"comment_status":"closed","ping_status":"closed","template":"","meta":{"_gspb_post_css":".gspb_text-id-gsbp-edbe05d{font-size:16px;letter-spacing:.5px}@media (max-width:575.98px){.gspb_text-id-gsbp-edbe05d,.gspb_text-id-gsbp-edbe05d .gsap-g-line{text-align:center!important}}.gspb_text-id-gsbp-edbe05d{font-weight:400!important;color:var(--wp--preset--color--palette-color-2, var(--theme-palette-color-2, #E17335));margin-top:0!important;margin-bottom:10px!important}#gspb_heading-id-gsbp-ee42b92{font-size:30px}@media (max-width:575.98px){#gspb_heading-id-gsbp-ee42b92,#gspb_heading-id-gsbp-ee42b92 .gsap-g-line{text-align:center!important}}#gspb_heading-id-gsbp-ee42b92{color:#fff;margin-top:0;margin-bottom:0;padding-bottom:10px;max-width:600px}#gspb_heading-id-gsbp-32c3e26{font-size:18px}@media (max-width:575.98px){#gspb_heading-id-gsbp-32c3e26,#gspb_heading-id-gsbp-32c3e26 .gsap-g-line{text-align:center!important}}#gspb_heading-id-gsbp-32c3e26{font-weight:400!important;color:#fff;margin-top:0;margin-bottom:0;max-width:600px}#gspb_image-id-gsbp-045d4cf img{object-fit:fill;vertical-align:top;display:inline-block;box-sizing:border-box;max-width:100%;width:600px;height:auto}#gspb_image-id-gsbp-045d4cf{height:auto}@media (max-width:991.98px){#gspb_image-id-gsbp-045d4cf,#gspb_image-id-gsbp-045d4cf img{height:auto}}@media (max-width:767.98px){#gspb_image-id-gsbp-045d4cf,#gspb_image-id-gsbp-045d4cf img{height:auto}}@media (max-width:575.98px){#gspb_image-id-gsbp-045d4cf,#gspb_image-id-gsbp-045d4cf img{height:auto}}.gspb_text-id-gsbp-ddb8740{font-size:16px;letter-spacing:.5px}@media (max-width:575.98px){.gspb_text-id-gsbp-ddb8740,.gspb_text-id-gsbp-ddb8740 .gsap-g-line{text-align:center!important}}.gspb_text-id-gsbp-ddb8740{font-weight:400!important;color:var(--wp--preset--color--palette-color-2, var(--theme-palette-color-2, #E17335));margin-top:0!important;margin-bottom:10px!important}#gspb_heading-id-gsbp-d2fe8a9{font-size:30px}@media (max-width:575.98px){#gspb_heading-id-gsbp-d2fe8a9,#gspb_heading-id-gsbp-d2fe8a9 .gsap-g-line{text-align:center!important}}#gspb_heading-id-gsbp-d2fe8a9{color:#fff;margin-top:0;margin-bottom:0;padding-bottom:10px;max-width:600px}#gspb_heading-id-gsbp-ab974e5{font-size:18px}@media (max-width:575.98px){#gspb_heading-id-gsbp-ab974e5,#gspb_heading-id-gsbp-ab974e5 .gsap-g-line{text-align:center!important}}#gspb_heading-id-gsbp-ab974e5{font-weight:400!important;color:#fff;margin-top:0;margin-bottom:0;max-width:600px}#gspb_iconBox-id-gsbp-edb2194{justify-content:center;display:flex}#gspb_iconBox-id-gsbp-edb2194 svg,#gspb_iconBox-id-gsbp-edb2194 svg path{fill:var(--wp--preset--color--palette-color-8, var(--theme-palette-color-8, #ffffff))!important}#gspb_iconBox-id-gsbp-edb2194 .gspb_iconBox__wrapper{padding:15px}#gspb_heading-id-gsbp-d855a4b{font-size:20px;text-align:center!important;font-weight:700!important;color:var(--wp--preset--color--palette-color-2, var(--theme-palette-color-2, #2CCC64))}#gspb_heading-id-gsbp-d855a4b .gsap-g-line{text-align:center!important}#gspb_heading-id-gsbp-d855a4b .gspb_heading_subtitle,#gspb_subheading-id-gsbp-d855a4b{display:block;font-size:17px;line-height:22px;font-weight:400!important;color:var(--wp--preset--color--palette-color-8, var(--theme-palette-color-8, #ffffff));margin-top:15px}#gspb_iconBox-id-gsbp-6033ac3 svg,#gspb_iconBox-id-gsbp-edb2194 svg{height:100px!important;width:100px!important;min-width:100px!important;margin:0!important}#gspb_iconBox-id-gsbp-6033ac3{justify-content:center;display:flex}#gspb_iconBox-id-gsbp-6033ac3 svg,#gspb_iconBox-id-gsbp-6033ac3 svg path{fill:var(--wp--preset--color--palette-color-1, var(--theme-palette-color-1, #052146))!important}#gspb_iconBox-id-gsbp-6033ac3 .gspb_iconBox__wrapper{padding:15px}#gspb_heading-id-gsbp-55c5cb7{font-size:20px;text-align:center!important;font-weight:700!important;color:var(--wp--preset--color--palette-color-2, var(--theme-palette-color-2, #2CCC64))}#gspb_heading-id-gsbp-55c5cb7 .gsap-g-line{text-align:center!important}#gspb_heading-id-gsbp-55c5cb7 .gspb_heading_subtitle,#gspb_subheading-id-gsbp-55c5cb7{display:block;font-size:17px;line-height:22px;font-weight:400!important;color:var(--wp--preset--color--palette-color-8, var(--theme-palette-color-8, #ffffff));margin-top:15px}#gspb_iconBox-id-gsbp-984844e{justify-content:center;display:flex}#gspb_iconBox-id-gsbp-984844e svg,#gspb_iconBox-id-gsbp-984844e svg path{fill:var(--wp--preset--color--palette-color-8, var(--theme-palette-color-8, #ffffff))!important}#gspb_iconBox-id-gsbp-984844e .gspb_iconBox__wrapper{padding:15px}#gspb_heading-id-gsbp-4f1a47a{font-size:20px;text-align:center!important;font-weight:700!important;color:var(--wp--preset--color--palette-color-2, var(--theme-palette-color-2, #2CCC64))}#gspb_heading-id-gsbp-4f1a47a .gsap-g-line{text-align:center!important}#gspb_heading-id-gsbp-4f1a47a .gspb_heading_subtitle,#gspb_subheading-id-gsbp-4f1a47a{display:block;font-size:17px;line-height:22px;font-weight:400!important;color:var(--wp--preset--color--palette-color-8, var(--theme-palette-color-8, #ffffff));margin-top:15px}#gspb_iconBox-id-gsbp-984844e svg,#gspb_iconBox-id-gsbp-a4c72a50-9ab6 svg{height:100px!important;width:100px!important;min-width:100px!important;margin:0!important}#gspb_iconBox-id-gsbp-a4c72a50-9ab6{justify-content:center;display:flex}#gspb_iconBox-id-gsbp-a4c72a50-9ab6 svg,#gspb_iconBox-id-gsbp-a4c72a50-9ab6 svg path{fill:var(--wp--preset--color--palette-color-8, var(--theme-palette-color-8, #ffffff))!important}#gspb_iconBox-id-gsbp-a4c72a50-9ab6 .gspb_iconBox__wrapper{padding:15px}#gspb_heading-id-gsbp-63ba9485-f926{font-size:20px;text-align:center!important;font-weight:700!important;color:var(--wp--preset--color--palette-color-2, var(--theme-palette-color-2, #2CCC64))}#gspb_heading-id-gsbp-63ba9485-f926 .gsap-g-line{text-align:center!important}#gspb_heading-id-gsbp-63ba9485-f926 .gspb_heading_subtitle,#gspb_subheading-id-gsbp-63ba9485-f926{display:block;font-size:17px;line-height:22px;font-weight:400!important;color:var(--wp--preset--color--palette-color-8, var(--theme-palette-color-8, #ffffff));margin-top:15px}#gspb_row-id-gsbp-2111378{justify-content:space-between;margin-top:0;margin-bottom:0;display:flex;flex-wrap:wrap;background-size:cover;background-repeat:no-repeat;background-image:url(https:\/\/aquarelle.com.br\/wp-content\/uploads\/2024\/05\/Header_memphis-2.png);isolation:isolate}#gspb_row-id-gsbp-2111378>.gspb_row__content{display:flex;justify-content:space-between;margin:0 auto;width:100%;flex-wrap:wrap}div[id^=gspb_col-id]{box-sizing:border-box;position:relative;padding:15px min(3vw,20px)}body.gspb-bodyfront #gspb_row-id-gsbp-2111378>.gspb_row__content{width:var(--theme-container-width, 1200px);max-width:var(--theme-normal-container-max-width, 1200px)}#gspb_row-id-gsbp-2111378:hover{background-size:cover}#gspb_row-id-gsbp-2111378>.gspb_backgroundOverlay{position:absolute;top:0;left:0;width:100%;height:100%;z-index:-1;opacity:.85;background-color:var(--wp--preset--color--palette-color-1, var(--theme-palette-color-1, #052146))}#gspb_col-id-gsbp-4993959.gspb_row__col--6{width:50%}@media (max-width:575.98px){#gspb_col-id-gsbp-4993959.gspb_row__col--6{width:100%}}.gspb_container-id-gsbp-7170cc8{flex-direction:column;box-sizing:border-box}#gspb_container-id-gsbp-4c17b724-ca9b.gspb_container>p:last-of-type,#gspb_container-id-gsbp-6158428.gspb_container>p:last-of-type,#gspb_container-id-gsbp-6791264.gspb_container>p:last-of-type,#gspb_container-id-gsbp-6abadb5.gspb_container>p:last-of-type,#gspb_container-id-gsbp-6e4da931-488f.gspb_container>p:last-of-type,#gspb_container-id-gsbp-7170cc8.gspb_container>p:last-of-type,#gspb_container-id-gsbp-abadd43.gspb_container>p:last-of-type{margin-bottom:0}#gspb_container-id-gsbp-7170cc8.gspb_container{padding:20px}@media (max-width:991.98px){#gspb_container-id-gsbp-7170cc8.gspb_container{padding:35px}}#gspb_container-id-gsbp-7170cc8.gspb_container,#gspb_container-id-gsbp-7170cc8.gspb_container>.gspb_backgroundOverlay{border-top-left-radius:25px;border-top-right-radius:25px;border-bottom-right-radius:25px;border-bottom-left-radius:25px}#gspb_col-id-gsbp-edf7387.gspb_row__col--6{width:50%}@media (max-width:575.98px){#gspb_col-id-gsbp-edf7387.gspb_row__col--6{width:100%}}#gspb_col-id-gsbp-b736f52.gspb_row__col--6{width:50%}@media (max-width:575.98px){#gspb_col-id-gsbp-b736f52.gspb_row__col--6{width:100%}}#gspb_container-id-gsbp-6158428.gspb_container{padding:20px}@media (max-width:991.98px){#gspb_container-id-gsbp-6158428.gspb_container{padding:35px}}#gspb_container-id-gsbp-6158428.gspb_container,#gspb_container-id-gsbp-6158428.gspb_container>.gspb_backgroundOverlay{border-top-left-radius:25px;border-top-right-radius:25px;border-bottom-right-radius:25px;border-bottom-left-radius:25px}#gspb_col-id-gsbp-583b26f.gspb_row__col--6{width:50%}@media (max-width:575.98px){#gspb_col-id-gsbp-583b26f.gspb_row__col--6{width:100%}}#gspb_col-id-gsbp-583b26f.gspb_row__col--6{flex-direction:column}body #gspb_col-id-gsbp-583b26f.gspb_row__col--6{display:flex}.gspb_container-id-gsbp-4c17b724-ca9b,.gspb_container-id-gsbp-6158428{flex-direction:column;box-sizing:border-box}#gspb_container-id-gsbp-4c17b724-ca9b.gspb_container{display:grid;grid-template-columns:repeat(2,minmax(0,1fr));row-gap:20px;column-gap:20px}@media (max-width:991.98px){#gspb_container-id-gsbp-4c17b724-ca9b.gspb_container{grid-template-columns:repeat(2,minmax(0,1fr))}}@media (max-width:767.98px){#gspb_container-id-gsbp-4c17b724-ca9b.gspb_container{grid-template-columns:repeat(2,minmax(0,1fr))}}@media (max-width:575.98px){#gspb_container-id-gsbp-4c17b724-ca9b.gspb_container{grid-template-columns:repeat(1,minmax(0,1fr))}}#gspb_container-id-gsbp-4c17b724-ca9b.gspb_container{padding-top:40px;padding-bottom:80px}#gspb_container-id-gsbp-6791264.gspb_container,#gspb_container-id-gsbp-abadd43.gspb_container{transition:all .4s cubic-bezier(.165,.84,.44,1);padding:35px;border-top-left-radius:8px;border-top-right-radius:8px;border-bottom-right-radius:8px;border-bottom-left-radius:8px;border-style:solid;border-width:1px;border-color:var(--wp--preset--color--palette-color-2, var(--theme-palette-color-2, #2CCC64));background-image:radial-gradient(#052146 0,#310a5d 100%)}.gspb_container-id-gsbp-6791264,.gspb_container-id-gsbp-6abadb5,.gspb_container-id-gsbp-6e4da931-488f,.gspb_container-id-gsbp-abadd43{flex-direction:column;box-sizing:border-box}.gspb_container,.gspb_row{position:relative}#gspb_container-id-gsbp-6abadb5.gspb_container,#gspb_container-id-gsbp-6e4da931-488f.gspb_container{transition:all .4s cubic-bezier(.165,.84,.44,1);padding:35px;border-top-left-radius:8px;border-top-right-radius:8px;border-bottom-right-radius:8px;border-bottom-left-radius:8px;border-style:solid;border-width:1px;border-color:var(--wp--preset--color--palette-color-2, var(--theme-palette-color-2, #2CCC64));background-image:radial-gradient(#052146 0,#310a5d 100%)}#gspb_container-id-gsbp-6791264.gspb_container:hover,#gspb_container-id-gsbp-6abadb5.gspb_container:hover,#gspb_container-id-gsbp-6e4da931-488f.gspb_container:hover,#gspb_container-id-gsbp-abadd43.gspb_container:hover{transform:translateY(-5px);box-shadow:0 15px 30px 0 rgba(119,123,146,.1)}#gspb_row-id-gsbp-ad85335{justify-content:space-between;display:flex;flex-wrap:wrap;align-content:center;margin-top:20px;margin-bottom:80px;isolation:isolate}#gspb_row-id-gsbp-ad85335>.gspb_row__content{display:flex;justify-content:space-between;margin:0 auto;width:100%;flex-wrap:wrap;align-items:center}body.gspb-bodyfront #gspb_row-id-gsbp-ad85335>.gspb_row__content{width:var(--theme-container-width, 1200px);max-width:var(--theme-normal-container-max-width, 1200px)}#gspb_row-id-gsbp-ad85335 .gspb_shape-divider-container{overflow:hidden;position:absolute;left:0;z-index:-1;width:100%;line-height:0;pointer-events:none}#gspb_row-id-gsbp-ad85335 .gspb_shape-divider-container svg{width:100%}#gspb_row-id-gsbp-ad85335 .gspb_shape-divider-container--bottom{bottom:0}#gspb_row-id-gsbp-ad85335 .gspb_shape-divider-container--bottom svg{height:300px}","iawp_total_views":208,"footnotes":""},"blocksy_meta":{"has_hero_section":"default","hero_alignment1":{"desktop":"left","tablet":"left","mobile":"left"},"pageTitleFontColor":{"default":{"color":"var(--theme-palette-color-8)"}},"pageExcerptColor":{"default":{"color":"var(--theme-palette-color-7)"}},"styles_descriptor":{"styles":{"desktop":"","tablet":"","mobile":""},"google_fonts":[],"version":6}},"_links":{"self":[{"href":"https:\/\/aquarelle.com.br\/fr\/wp-json\/wp\/v2\/pages\/1082"}],"collection":[{"href":"https:\/\/aquarelle.com.br\/fr\/wp-json\/wp\/v2\/pages"}],"about":[{"href":"https:\/\/aquarelle.com.br\/fr\/wp-json\/wp\/v2\/types\/page"}],"author":[{"embeddable":true,"href":"https:\/\/aquarelle.com.br\/fr\/wp-json\/wp\/v2\/users\/3"}],"replies":[{"embeddable":true,"href":"https:\/\/aquarelle.com.br\/fr\/wp-json\/wp\/v2\/comments?post=1082"}],"version-history":[{"count":0,"href":"https:\/\/aquarelle.com.br\/fr\/wp-json\/wp\/v2\/pages\/1082\/revisions"}],"wp:attachment":[{"href":"https:\/\/aquarelle.com.br\/fr\/wp-json\/wp\/v2\/media?parent=1082"}],"curies":[{"name":"wp","href":"https:\/\/api.w.org\/{rel}","templated":true}]}}