{"id":1433,"date":"2024-08-06T10:34:38","date_gmt":"2024-08-06T13:34:38","guid":{"rendered":"https:\/\/aquarelle.com.br\/?page_id=1433"},"modified":"2024-12-27T16:13:02","modified_gmt":"2024-12-27T19:13:02","slug":"ibm-cloud","status":"publish","type":"page","link":"https:\/\/aquarelle.com.br\/fr\/cloud-ibm\/","title":{"rendered":"IBM Cloud"},"content":{"rendered":"<div class=\"wp-block-greenshift-blocks-row alignfull gspb_row gspb_row-id-gsbp-3dff84f\" id=\"gspb_row-id-gsbp-3dff84f\"><div class=\"gspb_row__content\"> \n<div class=\"wp-block-greenshift-blocks-row-column gspb_row__col--6 gspb_col-id-gsbp-4993959\" id=\"gspb_col-id-gsbp-4993959\">\n<div class=\"wp-block-greenshift-blocks-container gspb_container gspb_container-gsbp-7170cc8\" id=\"gspb_container-id-gsbp-7170cc8\">\n<div id=\"gspb_text-id-gsbp-edbe05d\" class=\"gspb_text gspb_text-id-gsbp-edbe05d\"><\/div>\n\n\n\n<h2 id=\"gspb_heading-id-gsbp-ee42b92\" class=\"gspb_heading gspb_heading-id-gsbp-ee42b92\"><strong>Serveurs haute performance : acc\u00e9l\u00e9rez votre voyage dans le nuage<\/strong><\/h2>\n\n\n\n<h5 id=\"gspb_heading-id-gsbp-32c3e26\" class=\"gspb_heading gspb_heading-id-gsbp-32c3e26\">D\u00e9couvrez IBM Cloud, con\u00e7u pour ceux qui veulent de la rapidit\u00e9, de la modernit\u00e9 et de la performance !<br><br><\/h5>\n<\/div>\n<\/div>\n\n\n\n<div class=\"wp-block-greenshift-blocks-row-column gspb_row__col--6 gspb_col-id-gsbp-edf7387\" id=\"gspb_col-id-gsbp-edf7387\">\n\n\n\n\n\n<\/p>\n\n\n\n<div class=\"wp-block-greenshift-blocks-video gs-video video gspb_video-id-gsbp-2db018a\" id=\"gs-video-gsbp-2db018a\"><div class=\"gs-video-wrapper\"><div class=\"gs-video-element\" data-src=\"https:\/\/aquarelle.com.br\/wp-content\/uploads\/2024\/08\/IBM-Cloud-Aquarelle-Frances.mp4\" data-autoplay=\"false\" data-playsinline=\"false\" data-controls=\"true\" data-loop=\"false\" data-mute=\"false\" data-poster=\"\" data-provider=\"video\" data-overlay=\"false\" data-lightbox=\"false\"><\/div><\/div><\/div>\n\n\n<p>\n\n\n\n<\/div>\n <\/div><div class=\"gspb_shape-divider-container gspb_shape-divider-container--bottom\"><\/div><\/div>\n\n\n\n<div class=\"wp-block-greenshift-blocks-row alignfull gspb_row gspb_row-id-gsbp-3d2a9e0\" id=\"gspb_row-id-gsbp-3d2a9e0\"><div class=\"gspb_row__content\"> \n<div class=\"wp-block-greenshift-blocks-row-column gspb_row__col--6 gspb_col-id-gsbp-99941a0\" id=\"gspb_col-id-gsbp-99941a0\">\n<div class=\"wp-block-greenshift-blocks-container gspb_container gspb_container-gsbp-e1c26a7\" id=\"gspb_container-id-gsbp-e1c26a7\">\n<div id=\"gspb_text-id-gsbp-e301ba8\" class=\"gspb_text gspb_text-id-gsbp-e301ba8\"><\/div>\n\n\n\n<h2 id=\"gspb_heading-id-gsbp-5e50675\" class=\"gspb_heading gspb_heading-id-gsbp-5e50675\">Aquarelle, partenaire d'IBM Cloud<\/h2>\n\n\n\n<h5 id=\"gspb_heading-id-gsbp-93c706c\" class=\"gspb_heading gspb_heading-id-gsbp-93c706c\">Pouvons-nous parler ?<br><br><\/h5>\n<\/div>\n<\/div>\n\n\n\n<div class=\"wp-block-greenshift-blocks-row-column gspb_row__col--6 gspb_col-id-gsbp-bb0d374\" id=\"gspb_col-id-gsbp-bb0d374\">\n<ul>\n<li><strong>Mise en ligne rapide :<\/strong>&nbsp;Mettez en place en quelques minutes des serveurs cloud robustes pour r\u00e9pondre \u00e0 vos besoins sp\u00e9cifiques.<\/li>\n\n\n\n<li><strong>Centres de donn\u00e9es mondiaux avanc\u00e9s :<\/strong>&nbsp;D\u00e9veloppez facilement vos activit\u00e9s dans nos 60 centres de donn\u00e9es et points de pr\u00e9sence (PoP) r\u00e9partis dans six r\u00e9gions strat\u00e9giques.<\/li>\n\n\n\n<li><strong>Une infrastructure adaptable :<\/strong>&nbsp;Que ce soit pour des charges de travail l\u00e9g\u00e8res ou lourdes, contr\u00f4lez votre infrastructure avec une flexibilit\u00e9 totale.<\/li>\n\n\n\n<li><strong>Serveurs de m\u00e9tal nu :<\/strong>&nbsp;Garantissez des performances maximales avec des serveurs d\u00e9di\u00e9s \u00e0 locataire unique, offrant des ressources exclusives et des options de facturation flexibles.<\/li>\n\n\n\n<li><strong>Cloud priv\u00e9 virtuel :<\/strong>&nbsp;La s\u00e9curit\u00e9 et la confidentialit\u00e9 d'un nuage priv\u00e9 combin\u00e9es \u00e0 l'efficacit\u00e9 et \u00e0 l'\u00e9volutivit\u00e9 d'un nuage public, disponibles dans IBM Cloud Virtual Server for VPC.<\/li>\n\n\n\n<li><strong>Serveurs virtuels pour une infrastructure classique :<\/strong>&nbsp;Approvisionnez et faites \u00e9voluer les serveurs virtuels publics, d\u00e9di\u00e9s ou r\u00e9serv\u00e9s en fonction de vos besoins, avec la commodit\u00e9 du service \u00e0 la demande.<\/li>\n\n\n\n<li><strong>Conteneurs et orchestration :<\/strong>&nbsp;D\u00e9veloppez et d\u00e9ployez des applications cloud en toute simplicit\u00e9 en utilisant des services g\u00e9r\u00e9s tels que Red Hat\u00ae OpenShift\u00ae et Kubernetes.<\/li>\n<\/ul>\n<\/div>\n <\/div><div class=\"gspb_shape-divider-container gspb_shape-divider-container--bottom\"><\/div><\/div>","protected":false},"excerpt":{"rendered":"","protected":false},"author":3,"featured_media":0,"parent":0,"menu_order":0,"comment_status":"closed","ping_status":"closed","template":"","meta":{"_gspb_post_css":".gspb_text-id-gsbp-edbe05d{font-size:16px;letter-spacing:.5px}@media (max-width:575.98px){.gspb_text-id-gsbp-edbe05d,.gspb_text-id-gsbp-edbe05d .gsap-g-line{text-align:center!important}}.gspb_text-id-gsbp-edbe05d{font-weight:400!important;color:var(--wp--preset--color--palette-color-2, var(--theme-palette-color-2, #E17335));margin-top:0!important;margin-bottom:10px!important}#gspb_heading-id-gsbp-ee42b92{font-size:30px}@media (max-width:575.98px){#gspb_heading-id-gsbp-ee42b92,#gspb_heading-id-gsbp-ee42b92 .gsap-g-line{text-align:center!important}}#gspb_heading-id-gsbp-ee42b92{color:#fff;margin-top:0;margin-bottom:0;padding-bottom:10px;max-width:600px}#gspb_heading-id-gsbp-32c3e26{font-size:18px}@media (max-width:575.98px){#gspb_heading-id-gsbp-32c3e26,#gspb_heading-id-gsbp-32c3e26 .gsap-g-line{text-align:left!important}}#gspb_heading-id-gsbp-32c3e26{font-weight:400!important;color:#fff;margin-top:0;margin-bottom:0;max-width:600px}.gspb_text-id-gsbp-e301ba8{font-size:16px;letter-spacing:.5px}@media (max-width:575.98px){.gspb_text-id-gsbp-e301ba8,.gspb_text-id-gsbp-e301ba8 .gsap-g-line{text-align:center!important}}.gspb_text-id-gsbp-e301ba8{font-weight:400!important;color:var(--wp--preset--color--palette-color-2, var(--theme-palette-color-2, #E17335));margin-top:0!important;margin-bottom:10px!important}#gspb_heading-id-gsbp-5e50675{font-size:30px}@media (max-width:575.98px){#gspb_heading-id-gsbp-5e50675,#gspb_heading-id-gsbp-5e50675 .gsap-g-line{text-align:center!important}}#gspb_heading-id-gsbp-5e50675{color:#fff;margin-top:0;margin-bottom:0;padding-bottom:10px;max-width:600px}#gspb_heading-id-gsbp-93c706c{font-size:18px}@media (max-width:575.98px){#gspb_heading-id-gsbp-93c706c,#gspb_heading-id-gsbp-93c706c .gsap-g-line{text-align:left!important}}#gspb_heading-id-gsbp-93c706c{font-weight:400!important;color:#fff;margin-top:0;margin-bottom:0;max-width:600px}#gspb_col-id-gsbp-4993959.gspb_row__col--6{width:50%}@media (max-width:575.98px){#gspb_col-id-gsbp-4993959.gspb_row__col--6{width:100%}}.gspb_container-id-gsbp-7170cc8{flex-direction:column;box-sizing:border-box}#gspb_container-id-gsbp-7170cc8.gspb_container>p:last-of-type,#gspb_container-id-gsbp-e1c26a7.gspb_container>p:last-of-type{margin-bottom:0}#gspb_container-id-gsbp-7170cc8.gspb_container{padding:20px}@media (max-width:991.98px){#gspb_container-id-gsbp-7170cc8.gspb_container{padding:35px}}@media (max-width:575.98px){#gspb_container-id-gsbp-7170cc8.gspb_container{padding:10px}}#gspb_container-id-gsbp-7170cc8.gspb_container,#gspb_container-id-gsbp-7170cc8.gspb_container>.gspb_backgroundOverlay{border-top-left-radius:25px;border-top-right-radius:25px;border-bottom-right-radius:25px;border-bottom-left-radius:25px}#gspb_col-id-gsbp-edf7387.gspb_row__col--6{width:50%}@media (max-width:575.98px){#gspb_col-id-gsbp-edf7387.gspb_row__col--6{width:100%}}.gs-video video{display:block}.gs-video-overlay:hover .gs-play-icon{opacity:1}#gspb_col-id-gsbp-99941a0.gspb_row__col--6{width:50%}@media (max-width:575.98px){#gspb_col-id-gsbp-99941a0.gspb_row__col--6{width:100%}}.gspb_container-id-gsbp-e1c26a7{flex-direction:column;box-sizing:border-box}#gspb_container-id-gsbp-e1c26a7.gspb_container{padding:20px}@media (max-width:991.98px){#gspb_container-id-gsbp-e1c26a7.gspb_container{padding:35px}}@media (max-width:575.98px){#gspb_container-id-gsbp-e1c26a7.gspb_container{padding:10px}}#gspb_container-id-gsbp-e1c26a7.gspb_container,#gspb_container-id-gsbp-e1c26a7.gspb_container>.gspb_backgroundOverlay{border-top-left-radius:25px;border-top-right-radius:25px;border-bottom-right-radius:25px;border-bottom-left-radius:25px}#gspb_col-id-gsbp-bb0d374.gspb_row__col--6{width:50%}@media (max-width:575.98px){#gspb_col-id-gsbp-bb0d374.gspb_row__col--6{width:100%}}#gspb_row-id-gsbp-3d2a9e0,#gspb_row-id-gsbp-3dff84f{justify-content:space-between;display:flex;flex-wrap:wrap;align-content:center;margin-top:20px;margin-bottom:80px;isolation:isolate}#gspb_row-id-gsbp-3dff84f>.gspb_row__content{display:flex;justify-content:space-between;margin:0 auto;width:100%;flex-wrap:wrap;align-items:center}div[id^=gspb_col-id]{box-sizing:border-box;position:relative;padding:15px min(3vw,20px)}#gspb_row-id-gsbp-3dff84f .gspb_shape-divider-container{overflow:hidden;position:absolute;left:0;z-index:-1;width:100%;line-height:0;pointer-events:none}#gspb_row-id-gsbp-3dff84f .gspb_shape-divider-container svg{width:100%}#gspb_row-id-gsbp-3dff84f .gspb_shape-divider-container--bottom{bottom:0}#gspb_row-id-gsbp-3dff84f .gspb_shape-divider-container--bottom svg{height:300px}#gspb_row-id-gsbp-3d2a9e0{margin-top:38px}#gspb_row-id-gsbp-3d2a9e0>.gspb_row__content{display:flex;justify-content:space-between;margin:0 auto;width:100%;flex-wrap:wrap;align-items:center}body.gspb-bodyfront #gspb_row-id-gsbp-3d2a9e0>.gspb_row__content,body.gspb-bodyfront #gspb_row-id-gsbp-3dff84f>.gspb_row__content{width:var(--theme-container-width, 1200px);max-width:var(--theme-normal-container-max-width, 1200px)}#gspb_row-id-gsbp-3d2a9e0 .gspb_shape-divider-container{overflow:hidden;position:absolute;left:0;z-index:-1;width:100%;line-height:0;pointer-events:none}#gspb_row-id-gsbp-3d2a9e0 .gspb_shape-divider-container svg{width:100%}#gspb_row-id-gsbp-3d2a9e0 .gspb_shape-divider-container--bottom{bottom:0}#gspb_row-id-gsbp-3d2a9e0 .gspb_shape-divider-container--bottom svg{height:300px}.gs-video,.gspb_container,.gspb_row{position:relative}.gs-video-wrapper{position:relative;height:inherit;max-width:100%}.gs-video-header{text-align:center}.gs-video-header .gs-video-header-title{font-size:24px;line-height:1.3;font-weight:700;margin:0 0 15px}.gs-video-header .gs-video-header-description{font-size:16px;line-height:1.5;margin:0 0 25px}.gs-video .gs-video-element,.gs-video .gs-video-wrapper iframe{width:100%;height:100%;object-fit:cover;border:0}.gs-video .gs-video-wrapper iframe{aspect-ratio:16\/9;display:block}.gs-video-overlay{position:absolute;left:0;top:0;width:100%;height:100%;z-index:3;background-color:rgba(0,0,0,.1);background-size:cover;background-position:center;background-repeat:no-repeat;cursor:pointer}.gs-video-overlay .gs-overlay-color{position:absolute;left:0;top:0;width:100%;height:100%;z-index:2}.gs-video-popup .slbContentOuter{width:100%;max-width:1000px}.gs-video-popup .slbContentOuter .slbContent iframe,.gs-video-popup .slbContentOuter .slbContent video{width:100%;height:100%;object-fit:cover}.gs-video-popup .slbContentOuter .slbContent iframe{aspect-ratio:16\/9}.gs-video-popup .slbCloseBtn{font-size:30px;width:40px;height:40px;line-height:40px;right:0;top:-50px}","iawp_total_views":156,"footnotes":""},"blocksy_meta":[],"_links":{"self":[{"href":"https:\/\/aquarelle.com.br\/fr\/wp-json\/wp\/v2\/pages\/1433"}],"collection":[{"href":"https:\/\/aquarelle.com.br\/fr\/wp-json\/wp\/v2\/pages"}],"about":[{"href":"https:\/\/aquarelle.com.br\/fr\/wp-json\/wp\/v2\/types\/page"}],"author":[{"embeddable":true,"href":"https:\/\/aquarelle.com.br\/fr\/wp-json\/wp\/v2\/users\/3"}],"replies":[{"embeddable":true,"href":"https:\/\/aquarelle.com.br\/fr\/wp-json\/wp\/v2\/comments?post=1433"}],"version-history":[{"count":0,"href":"https:\/\/aquarelle.com.br\/fr\/wp-json\/wp\/v2\/pages\/1433\/revisions"}],"wp:attachment":[{"href":"https:\/\/aquarelle.com.br\/fr\/wp-json\/wp\/v2\/media?parent=1433"}],"curies":[{"name":"wp","href":"https:\/\/api.w.org\/{rel}","templated":true}]}}