{"id":1690,"date":"2024-12-16T17:50:28","date_gmt":"2024-12-16T20:50:28","guid":{"rendered":"https:\/\/aquarelle.com.br\/?page_id=1690"},"modified":"2024-12-16T18:21:53","modified_gmt":"2024-12-16T21:21:53","slug":"treinamentos","status":"publish","type":"page","link":"https:\/\/aquarelle.com.br\/fr\/ibm-maximo-application-suite-ibm-maximo\/formations-2\/","title":{"rendered":"Formation"},"content":{"rendered":"<div>\n<div class=\"wp-block-greenshift-blocks-row alignfull gspb_row gspb_row-id-gsbp-823f821\" id=\"gspb_row-id-gsbp-823f821\"><div class=\"gspb_row__content\"> \n<div class=\"wp-block-greenshift-blocks-row-column gspb_row__col--6 gspb_col-id-gsbp-4993959\" id=\"gspb_col-id-gsbp-4993959\">\n<div class=\"wp-block-greenshift-blocks-container gspb_container gspb_container-gsbp-7170cc8\" id=\"gspb_container-id-gsbp-7170cc8\">\n<div id=\"gspb_text-id-gsbp-edbe05d\" class=\"gspb_text gspb_text-id-gsbp-edbe05d\">FORMATION IBM MAXIMO<\/div>\n\n\n\n<h2 id=\"gspb_heading-id-gsbp-ee42b92\" class=\"gspb_heading gspb_heading-id-gsbp-ee42b92\">Donnez du pouvoir \u00e0 votre \u00e9quipe !<\/h2>\n\n\n\n<h5 id=\"gspb_heading-id-gsbp-32c3e26\" class=\"gspb_heading gspb_heading-id-gsbp-32c3e26\">Nos services de formation sont con\u00e7us pour am\u00e9liorer la qualit\u00e9 et l'efficacit\u00e9 des \u00e9quipes de votre entreprise. <br><br>Nous proposons des formations sp\u00e9cialis\u00e9es sur IBM Maximo, afin que votre service \u00e0 la client\u00e8le soit exemplaire. Nous d\u00e9veloppons des formations assertives et cibl\u00e9es pour r\u00e9pondre aux besoins sp\u00e9cifiques de votre \u00e9quipe.<br><\/h5>\n<\/div>\n<\/div>\n\n\n\n<div class=\"wp-block-greenshift-blocks-row-column gspb_row__col--6 gspb_col-id-gsbp-edf7387\" id=\"gspb_col-id-gsbp-edf7387\">\n<div class=\"wp-block-greenshift-blocks-image gspb_image gspb_image-id-gsbp-045d4cf\" id=\"gspb_image-id-gsbp-045d4cf\"><img decoding=\"async\" title=\"formation \u00e0 l&#039;aquarelle\" src=\"https:\/\/aquarelle.com.br\/wp-content\/uploads\/2024\/06\/treinamento-aquarelle.jpg\" data-src=\"\" alt=\"formation \u00e0 l&#039;aquarelle\" loading=\"lazy\" width=\"600\" height=\"400\"\/><\/div>\n<\/div>\n <\/div><div class=\"gspb_shape-divider-container gspb_shape-divider-container--bottom\"><svg data-style=\"26\" x=\"0px\" y=\"0px\" viewbox=\"0 0 1200 366\" preserveaspectratio=\"none\"><polygon data-style=\"26\" class=\"gspb_st2 gspb_shape_2\" points=\"0 240 1200 0 1200 366 0 366\" fill=\"url(#sfirstbottomgsbp-823f821)\"><\/polygon><polygon data-style=\"26\" class=\"gspb_st1 gspb_shape_1\" points=\"0 300 1200 60 1200 366 0 366\" fill=\"url(#ssecondbottomgsbp-823f821)\"><\/polygon><polygon data-style=\"26\" class=\"gspb_st0 gspb_shape_0\" points=\"0 360 1200 120 1200 366 0 366\" fill=\"url(#sthirdbottomgsbp-823f821)\"><\/polygon><defs><lineargradient id=\"sfirstbottomgsbp-823f821\"><stop style=\"stop-color:var(--wp--preset--color--palette-color-1, var(--theme-palette-color-1, #052146))\" offset=\"0%\"><\/stop><stop style=\"stop-color:#0e3c779c\" offset=\"100%\"><\/stop><\/lineargradient><lineargradient id=\"ssecondbottomgsbp-823f821\"><stop style=\"stop-color:var(--wp--preset--color--palette-color-1, var(--theme-palette-color-1, #052146))\" offset=\"0%\"><\/stop><stop style=\"stop-color:#0d4691\" offset=\"100%\"><\/stop><\/lineargradient><lineargradient id=\"sthirdbottomgsbp-823f821\"><stop style=\"stop-color:var(--wp--preset--color--palette-color-1, var(--theme-palette-color-1, #052146))\" offset=\"0%\"><\/stop><stop style=\"stop-color:var(--wp--preset--color--palette-color-1, var(--theme-palette-color-1, #052146))\" offset=\"100%\"><\/stop><\/lineargradient><\/defs><\/svg><\/div><\/div>\n\n\n\n<div class=\"wp-block-greenshift-blocks-row alignfull gspb_row gspb_row-id-gsbp-2111378\" id=\"gspb_row-id-gsbp-2111378\"><div class=\"gspb_backgroundOverlay\"><\/div><div class=\"gspb_row__content\"> \n<div class=\"wp-block-greenshift-blocks-row-column gspb_row__col--6 gspb_col-id-gsbp-b736f52\" id=\"gspb_col-id-gsbp-b736f52\">\n<div class=\"wp-block-greenshift-blocks-container gspb_container gspb_container-gsbp-6158428\" id=\"gspb_container-id-gsbp-6158428\">\n<div id=\"gspb_text-id-gsbp-ddb8740\" class=\"gspb_text gspb_text-id-gsbp-ddb8740\">FORMATION AQUARELLE<\/div>\n\n\n\n<h2 id=\"gspb_heading-id-gsbp-d2fe8a9\" class=\"gspb_heading gspb_heading-id-gsbp-d2fe8a9\">Donnez du pouvoir \u00e0 votre \u00e9quipe !<\/h2>\n\n\n\n<h5 id=\"gspb_heading-id-gsbp-ab974e5\" class=\"gspb_heading gspb_heading-id-gsbp-ab974e5\">Un sujet toujours d'actualit\u00e9 !<br>La formation des \u00e9quipes est un investissement dans l'entreprise, dans les personnes et dans les connaissances !<\/h5>\n<\/div>\n<\/div>\n\n\n\n<div class=\"wp-block-greenshift-blocks-row-column gspb_row__col--6 gspb_col-id-gsbp-583b26f\" id=\"gspb_col-id-gsbp-583b26f\">\n<div class=\"wp-block-greenshift-blocks-container gspb_container gspb_container-gsbp-4c17b724-ca9b\" id=\"gspb_container-id-gsbp-4c17b724-ca9b\">\n<div class=\"wp-block-greenshift-blocks-container gspb_container gspb_container-gsbp-abadd43\" id=\"gspb_container-id-gsbp-abadd43\">\n<div class=\"wp-block-greenshift-blocks-iconbox gspb_iconBox gspb_iconBox-id-gsbp-6033ac3\" id=\"gspb_iconBox-id-gsbp-6033ac3\"><div class=\"gspb_iconBox__wrapper\" style=\"display:inline-flex\"><svg xmlns=\"http:\/\/www.w3.org\/2000\/svg\" style=\"width:5rem;height:5rem;margin:10px\" width=\"500\" height=\"500\" viewbox=\"0 0 375 375\">\n  <path d=\"M168.102 19.398c0-10.695-8.7-19.398-19.395-19.398h-32.328v19.398c0 7.305-2.527 13.977-6.633 19.395h58.356ZM168.102 239.223v-19.395h-12.93v37.602c7.512-2.676 12.93-9.79 12.93-18.207ZM35.754 233.637c1.098 6.332 1.98 11.613 1.98 11.613.082.535 1.059.453 1.059-.098v-89.98H12.93V64.656h90.52v90.516H77.585v20.586c2.035-.723 4.191-1.188 6.465-1.188 8.941 0 16.418 6.11 18.648 14.352 2.235-.899 4.668-1.422 7.215-1.422 8.941 0 16.414 6.11 18.645 14.352 2.238-.899 4.668-1.422 7.218-1.422 5.707 0 10.797 2.53 14.352 6.468h17.973V51.723H0v155.683c1.281-.304 2.598-.508 3.969-.508a32.205 32.205 0 0 1 31.785 26.739Zm80.625-168.98h38.793v12.929h-38.793Zm0 25.859h38.793v12.933h-38.793Zm0 25.863h38.793v12.93h-38.793Zm0 25.863h38.793v12.93h-38.793ZM84.05 38.793c10.696 0 19.4-8.703 19.4-19.395V0H64.655v19.398c0 10.692 8.703 19.395 19.395 19.395Zm0-25.863a6.468 6.468 0 0 1 0 12.934 6.47 6.47 0 0 1-6.464-6.466 6.47 6.47 0 0 1 6.465-6.468ZM51.723 19.398V0H19.398C8.703 0 0 8.703 0 19.398v19.395h58.36c-4.106-5.418-6.637-12.09-6.637-19.395Zm0 0\"><\/path>\n  <path d=\"M135.777 213.363c-3.562 0-6.468 2.895-6.468 6.465v25.863h-12.93v-38.793a6.473 6.473 0 0 0-6.465-6.468 6.473 6.473 0 0 0-6.465 6.468v38.793H90.516v-51.726a6.475 6.475 0 0 0-6.465-6.465 6.475 6.475 0 0 0-6.465 6.465v51.726h-12.93V135.777c0-3.562-2.902-6.468-6.465-6.468-3.562 0-6.468 2.906-6.468 6.468v109.375c0 7.422-6.04 13.47-13.461 13.47-6.606 0-12.2-4.727-13.285-11.25 0-.009-.875-5.24-1.965-11.509a19.299 19.299 0 0 0-19.043-16.035 3.923 3.923 0 0 0-3.942 3.82l-.027.77c0 .348.11.89.316 1.402 8.426 21.078 12.614 42.86 12.614 65.13 0 10.116 4.836 19.788 12.933 25.859l8.617 6.468h97.172c6.91-15.105 10.59-31.707 10.59-48.312v-55.137a6.468 6.468 0 0 0-6.465-6.465ZM38.793 336.207h90.516v12.93H38.793Zm0 0\"><\/path>\n  <path d=\"M90.516 142.242V77.586H25.863v64.656h12.93v-6.465c0-10.695 8.703-19.398 19.398-19.398 10.692 0 19.395 8.703 19.395 19.398v6.465ZM38.793 362.07h90.516V375H38.793ZM360.066 162.836l-.785-4.012c-3.808-19.512-11.367-37.758-22.453-54.23l-2.281-3.39 7.855-13.255-29.476-29.476-13.254 7.855-3.39-2.281c-16.473-11.086-34.72-18.645-54.231-22.453l-4.012-.785-3.832-14.946h-53.172V62.34c10.344-2.664 21.156-4.149 32.328-4.149 71.418 0 129.309 57.891 129.309 129.309s-57.89 129.309-129.309 129.309c-22.105 0-42.894-5.586-61.086-15.368-1.367 6.442-3.113 12.801-5.425 18.965 11.972 5.992 24.644 10.43 37.835 13.008l4.008.781 3.828 14.942h41.684l3.82-14.942 4.008-.78c19.516-3.817 37.762-11.368 54.235-22.462l3.386-2.281 13.254 7.855 29.485-29.476-7.856-13.262 2.281-3.387c11.09-16.476 18.649-34.722 22.457-54.234l.782-4.016L375 208.344V166.66Zm0 0\"><\/path>\n  <path d=\"M323.277 187.5c0 .848-.043 1.691-.125 2.535a25.96 25.96 0 0 1-.375 2.512 26.956 26.956 0 0 1-.613 2.46 26.398 26.398 0 0 1-.855 2.391 26.142 26.142 0 0 1-2.391 4.47 25.961 25.961 0 0 1-3.219 3.921 25.916 25.916 0 0 1-6.094 4.52c-.746.398-1.511.761-2.293 1.086a25.732 25.732 0 0 1-4.852 1.469c-.831.167-1.667.292-2.51.374-.845.082-1.688.125-2.536.125-.848 0-1.691-.043-2.535-.125a24.804 24.804 0 0 1-2.512-.375 25.732 25.732 0 0 1-4.851-1.468 26.143 26.143 0 0 1-4.47-2.391 25.961 25.961 0 0 1-3.921-3.215 26.825 26.825 0 0 1-1.703-1.883 26.052 26.052 0 0 1-3.902-6.508 26.398 26.398 0 0 1-.856-2.39 26.978 26.978 0 0 1-.617-2.461 25.947 25.947 0 0 1 .617-12.555c.246-.808.531-1.605.856-2.39a26.142 26.142 0 0 1 2.39-4.47c.469-.706.973-1.386 1.512-2.038a26.825 26.825 0 0 1 1.703-1.883 25.961 25.961 0 0 1 8.39-5.605 25.732 25.732 0 0 1 4.852-1.469 24.804 24.804 0 0 1 2.512-.375 26.166 26.166 0 0 1 2.535-.125c.848 0 1.691.043 2.535.125.844.082 1.68.207 2.512.375a25.732 25.732 0 0 1 4.851 1.468 26.143 26.143 0 0 1 4.47 2.391 25.916 25.916 0 0 1 9.527 11.605c.324.786.609 1.583.855 2.391.242.813.45 1.633.613 2.461.168.832.29 1.668.375 2.512.082.844.125 1.687.125 2.535ZM284.484 122.844a19.323 19.323 0 0 1-.375 3.785 19.947 19.947 0 0 1-.46 1.848 19.505 19.505 0 0 1-2.434 5.144c-.356.527-.73 1.04-1.137 1.527-.402.493-.828.961-1.277 1.41a19.042 19.042 0 0 1-2.938 2.415c-.527.351-1.074.68-1.633.976a19.173 19.173 0 0 1-5.36 1.918 19.196 19.196 0 0 1-5.686.281 19.374 19.374 0 0 1-1.883-.28 19.173 19.173 0 0 1-5.36-1.918 19.801 19.801 0 0 1-1.632-.977 19.041 19.041 0 0 1-2.938-2.414 18.99 18.99 0 0 1-1.277-1.41 18.874 18.874 0 0 1-2.114-3.16c-.3-.56-.57-1.134-.812-1.723a19.533 19.533 0 0 1-.645-1.79 19.947 19.947 0 0 1-.742-3.73 20.603 20.603 0 0 1-.09-1.902c0-.633.032-1.27.09-1.899a19.64 19.64 0 0 1 .742-3.73c.188-.61.399-1.207.645-1.793a19.59 19.59 0 0 1 1.79-3.352c.355-.53.73-1.039 1.136-1.53a18.989 18.989 0 0 1 2.688-2.688 19.538 19.538 0 0 1 3.16-2.114c.562-.3 1.136-.57 1.722-.812a18.118 18.118 0 0 1 1.793-.64 18.72 18.72 0 0 1 3.727-.743 19.323 19.323 0 0 1 3.804 0 18.719 18.719 0 0 1 3.727.742c.61.184 1.207.395 1.793.64a19.213 19.213 0 0 1 3.355 1.793 19.537 19.537 0 0 1 2.938 2.41c.449.45.875.919 1.277 1.411a18.937 18.937 0 0 1 2.113 3.164 19.173 19.173 0 0 1 1.918 5.36 19.022 19.022 0 0 1 .375 3.78ZM284.484 252.156a19.244 19.244 0 0 1-.375 3.781 19.173 19.173 0 0 1-1.918 5.36 18.937 18.937 0 0 1-2.113 3.164c-.402.492-.828.96-1.277 1.41a19.537 19.537 0 0 1-4.57 3.39c-.563.301-1.133.571-1.723.813-.586.242-1.184.457-1.793.64a18.719 18.719 0 0 1-3.727.743 19.323 19.323 0 0 1-3.804 0 18.72 18.72 0 0 1-3.727-.742 19.173 19.173 0 0 1-1.793-.64 19.208 19.208 0 0 1-4.883-2.927c-.492-.402-.96-.828-1.41-1.277a18.99 18.99 0 0 1-1.277-1.41 18.937 18.937 0 0 1-2.114-3.164c-.3-.559-.57-1.133-.812-1.719a19.198 19.198 0 0 1-.645-1.793 19.64 19.64 0 0 1-.742-3.73 20.518 20.518 0 0 1-.09-1.899c0-.636.032-1.27.09-1.902a19.947 19.947 0 0 1 .742-3.73c.188-.606.399-1.204.645-1.794.242-.585.512-1.16.812-1.718a18.874 18.874 0 0 1 2.113-3.16c.403-.493.829-.961 1.278-1.41a19.041 19.041 0 0 1 2.938-2.415 19.801 19.801 0 0 1 3.355-1.793 19.173 19.173 0 0 1 3.637-1.101 19.374 19.374 0 0 1 3.785-.375 19.323 19.323 0 0 1 5.629.836 19.173 19.173 0 0 1 3.515 1.457 19.172 19.172 0 0 1 4.57 3.39c.45.45.876.918 1.278 1.41a18.874 18.874 0 0 1 2.113 3.16c.301.56.57 1.134.817 1.72.242.59.457 1.187.64 1.792a19.947 19.947 0 0 1 .743 3.73c.062.634.093 1.267.093 1.903ZM193.965 181.035h64.656v12.93h-64.656ZM193.965 116.379h38.793v12.93h-38.793ZM193.965 245.691h38.793v12.93h-38.793ZM193.965 206.898h38.793v12.93h-38.793ZM245.691 206.898h12.93v12.93h-12.93ZM193.965 155.172h38.793v12.93h-38.793ZM245.691 155.172h12.93v12.93h-12.93Zm0 0\"><\/path>\n<\/svg><\/div><\/div>\n\n\n\n<div id=\"gspb_heading-id-gsbp-55c5cb7\" class=\"gspb_heading gspb_heading-id-gsbp-55c5cb7\">Atelier<span class=\"gspb_heading_subtitle\">Ateliers IBM Maximum<\/span><\/div>\n<\/div>\n\n\n\n<div class=\"wp-block-greenshift-blocks-container gspb_container gspb_container-gsbp-6abadb5\" id=\"gspb_container-id-gsbp-6abadb5\">\n<div class=\"wp-block-greenshift-blocks-iconbox gspb_iconBox gspb_iconBox-id-gsbp-984844e\" id=\"gspb_iconBox-id-gsbp-984844e\"><div class=\"gspb_iconBox__wrapper\" style=\"display:inline-flex\"><svg xmlns=\"http:\/\/www.w3.org\/2000\/svg\" style=\"width:5rem;height:5rem;margin:10px\" width=\"500\" height=\"500\" viewbox=\"0 0 375 375\">\n  <path d=\"M22.25 375h330.5c12.297 0 22.25-9.953 22.25-22.25v-12.879c0-6.441-5.27-11.71-11.71-11.71h-12.88c.586-1.755 1.172-3.806 1.172-6.145V141.102c0-9.954-7.906-17.86-17.86-17.86h-8.78v11.711h8.488c3.222 0 6.148 2.633 6.148 6.149v180.914c0 3.218-2.633 6.144-6.148 6.144H222.48c-3.218 0-5.851 2.637-5.851 5.856 0 3.222-2.637 5.855-5.856 5.855h-46.84c-3.218 0-5.855-2.633-5.855-5.855 0-3.22-2.633-5.856-5.851-5.856H41.277c-3.222 0-6.148-2.633-6.148-6.144V141.102c0-3.223 2.633-6.149 6.148-6.149h8.489v-11.71h-8.489c-9.953 0-17.859 7.905-17.859 17.859v180.914c0 2.046.293 4.097 1.172 6.144H11.71C5.27 328.16 0 333.43 0 339.871v12.879C0 365.047 9.953 375 22.25 375Zm-10.54-35.129h135.83c2.343 6.734 8.784 11.711 16.394 11.711h46.84c7.609 0 14.05-4.977 16.394-11.71h135.828v12.878c0 5.855-4.683 10.54-10.539 10.54H22.25a10.495 10.495 0 0 1-10.54-10.54Zm0 0\"><\/path>\n  <path d=\"M43.91 161.887V301.23c0 9.954 8.2 18.149 18.153 18.149h250.582c9.953 0 18.152-8.195 18.152-18.149V161.887c0-6.149-3.223-11.711-7.906-14.93-2.34 4.098-5.852 7.316-10.536 8.488h.29c3.515 0 6.44 2.926 6.44 6.442V301.23c0 3.512-2.925 6.438-6.44 6.438H62.063c-3.516 0-6.442-2.926-6.442-6.438V161.887c0-3.516 2.926-6.442 6.441-6.442h.293c-4.687-1.465-8.492-4.39-10.539-8.488-4.683 3.219-7.906 8.781-7.906 14.93Zm0 0\"><\/path>\n  <path d=\"m66.453 144.32 27.223 4.39c2.344 9.661 6.148 19.028 11.418 27.52l-16.102 22.54c-1.754 2.343-1.465 5.562.586 7.613l17.567 17.562c2.046 2.051 5.27 2.344 7.609.586l22.543-16.101c8.488 5.27 17.855 9.074 27.516 11.418l4.39 27.226c.586 2.926 2.93 4.977 5.856 4.977h24.882c2.926 0 5.27-2.051 5.856-4.977l4.39-27.226c9.66-2.344 19.028-6.149 27.516-11.418l22.543 16.101c2.34 1.758 5.563 1.465 7.61-.586l17.566-17.562c2.047-2.051 2.34-5.27.586-7.613l-16.102-22.54c5.27-8.492 9.074-17.859 11.418-27.52l27.223-4.39c2.93-.586 4.976-2.925 4.976-5.855v-24.883c0-2.926-2.046-5.27-4.976-5.855l-27.516-4.391c-2.344-9.66-6.148-19.027-11.418-27.516l16.102-22.543c1.754-2.34 1.465-5.562-.586-7.609l-17.567-17.566c-2.046-2.047-5.265-2.34-7.609-.586l-22.539 16.101c-8.492-5.27-17.86-9.074-27.52-11.414l-4.39-27.226C204.918 2.05 202.574 0 199.648 0h-24.882c-2.926 0-5.27 2.05-5.856 4.977l-4.39 27.52c-9.66 2.339-19.028 6.144-27.516 11.413L114.46 27.81c-2.34-1.754-5.563-1.461-7.61.586L89.286 45.96c-2.047 2.047-2.34 5.27-.586 7.61l16.102 22.542c-5.27 8.489-9.074 17.856-11.418 27.516l-27.223 4.39c-2.93.586-4.976 2.93-4.976 5.856v24.883c.293 2.637 2.34 5.27 5.27 5.562Zm6.73-25.761 26.055-4.391c2.344-.293 4.39-2.34 4.684-4.684 2.05-11.125 6.441-21.37 12.59-30.738 1.46-2.047 1.46-4.683 0-6.73l-15.516-21.664 10.54-10.54 21.66 15.516c2.05 1.465 4.683 1.465 6.734 0 9.367-6.148 19.613-10.539 30.738-12.59 2.34-.582 4.39-2.34 4.684-4.683l4.39-26.051h14.93l4.39 26.05c.293 2.344 2.344 4.395 4.684 4.684 11.125 2.051 21.371 6.442 30.738 12.59 2.051 1.465 4.684 1.172 6.735 0l21.66-15.516 10.539 10.54-15.516 21.664c-1.46 2.046-1.46 4.683 0 6.73 6.149 9.367 10.54 19.613 12.59 30.738.586 2.344 2.34 4.098 4.684 4.684l26.054 4.39v14.93l-25.761 4.39c-2.344.294-4.39 2.345-4.684 4.685-2.05 11.125-6.441 21.37-12.59 30.738-1.46 2.05-1.46 4.683 0 6.734l15.516 21.664-10.54 10.54-21.66-15.516c-2.05-1.465-4.683-1.465-6.734 0-9.367 6.144-19.613 10.539-30.738 12.586-2.34.586-4.39 2.343-4.684 4.683l-4.39 26.348h-14.93l-4.39-26.055c-.293-2.34-2.344-4.39-4.684-4.683-11.125-2.051-21.371-6.442-30.738-12.586-2.051-1.465-4.684-1.465-6.735 0l-21.66 15.511-10.539-10.535 15.516-21.664c1.46-2.05 1.46-4.683 0-6.734-6.149-9.367-10.54-19.614-12.59-30.739-.586-2.34-2.34-4.097-4.684-4.683l-26.347-4.39Zm0 0\"><\/path>\n  <path d=\"M187.355 173.008c25.758 0 46.836-21.074 46.836-46.836 0-25.762-21.078-46.84-46.836-46.84-25.761 0-46.84 21.078-46.84 46.84 0 25.762 21.079 46.836 46.84 46.836Zm0-81.965c19.32 0 35.125 15.809 35.125 35.129S206.676 161.3 187.355 161.3c-19.324 0-35.128-15.809-35.128-35.13 0-19.32 15.804-35.128 35.128-35.128Zm0 0\"><\/path>\n  <path d=\"M177.402 141.98c1.168 1.168 2.633 1.754 4.098 1.754 1.46 0 2.926-.586 4.098-1.754l23.418-23.421c2.343-2.34 2.343-5.856 0-8.196-2.34-2.343-5.856-2.343-8.196 0l-19.32 19.32-7.613-7.609c-2.34-2.344-5.856-2.344-8.196 0-2.343 2.34-2.343 5.852 0 8.196Zm0 0\"><\/path>\n<\/svg><\/div><\/div>\n\n\n\n<div id=\"gspb_heading-id-gsbp-4f1a47a\" class=\"gspb_heading gspb_heading-id-gsbp-4f1a47a\">Formation \u00e0 l'assertivit\u00e9<span class=\"gspb_heading_subtitle\">Nous concevons des formations assertives et cibl\u00e9es.<\/span><\/div>\n<\/div>\n<\/div>\n<\/div>\n <\/div><\/div>\n<\/div>","protected":false},"excerpt":{"rendered":"","protected":false},"author":3,"featured_media":0,"parent":1656,"menu_order":0,"comment_status":"closed","ping_status":"closed","template":"","meta":{"_gspb_post_css":".gspb_text-id-gsbp-edbe05d{font-size:16px;letter-spacing:.5px}@media (max-width:575.98px){.gspb_text-id-gsbp-edbe05d,.gspb_text-id-gsbp-edbe05d .gsap-g-line{text-align:center!important}}.gspb_text-id-gsbp-edbe05d{font-weight:400!important;color:var(--wp--preset--color--palette-color-2, var(--theme-palette-color-2, #E17335));margin-top:0!important;margin-bottom:10px!important}#gspb_heading-id-gsbp-ee42b92{font-size:30px}@media (max-width:575.98px){#gspb_heading-id-gsbp-ee42b92,#gspb_heading-id-gsbp-ee42b92 .gsap-g-line{text-align:center!important}}#gspb_heading-id-gsbp-ee42b92{color:#fff;margin-top:0;margin-bottom:0;padding-bottom:10px;max-width:600px}#gspb_heading-id-gsbp-32c3e26{font-size:18px}@media (max-width:575.98px){#gspb_heading-id-gsbp-32c3e26,#gspb_heading-id-gsbp-32c3e26 .gsap-g-line{text-align:center!important}}#gspb_heading-id-gsbp-32c3e26{font-weight:400!important;color:#fff;margin-top:0;margin-bottom:0;max-width:600px}#gspb_image-id-gsbp-045d4cf img{vertical-align:top;display:inline-block;box-sizing:border-box;max-width:100%;height:auto}.gspb_text-id-gsbp-ddb8740{font-size:16px;letter-spacing:.5px}@media (max-width:575.98px){.gspb_text-id-gsbp-ddb8740,.gspb_text-id-gsbp-ddb8740 .gsap-g-line{text-align:center!important}}.gspb_text-id-gsbp-ddb8740{font-weight:400!important;color:var(--wp--preset--color--palette-color-2, var(--theme-palette-color-2, #E17335));margin-top:0!important;margin-bottom:10px!important}#gspb_heading-id-gsbp-d2fe8a9{font-size:30px}@media (max-width:575.98px){#gspb_heading-id-gsbp-d2fe8a9,#gspb_heading-id-gsbp-d2fe8a9 .gsap-g-line{text-align:center!important}}#gspb_heading-id-gsbp-d2fe8a9{color:#fff;margin-top:0;margin-bottom:0;padding-bottom:10px;max-width:600px}#gspb_heading-id-gsbp-ab974e5{font-size:18px}@media (max-width:575.98px){#gspb_heading-id-gsbp-ab974e5,#gspb_heading-id-gsbp-ab974e5 .gsap-g-line{text-align:center!important}}#gspb_heading-id-gsbp-ab974e5{font-weight:400!important;color:#fff;margin-top:0;margin-bottom:0;max-width:600px}#gspb_iconBox-id-gsbp-6033ac3{justify-content:center;display:flex}#gspb_iconBox-id-gsbp-6033ac3 svg,#gspb_iconBox-id-gsbp-6033ac3 svg path{fill:var(--wp--preset--color--palette-color-8, var(--theme-palette-color-8, #ffffff))!important}#gspb_iconBox-id-gsbp-6033ac3 .gspb_iconBox__wrapper{padding:15px}#gspb_heading-id-gsbp-55c5cb7{font-size:20px;text-align:center!important;font-weight:700!important;color:var(--wp--preset--color--palette-color-2, var(--theme-palette-color-2, #2CCC64))}#gspb_heading-id-gsbp-55c5cb7 .gsap-g-line{text-align:center!important}#gspb_heading-id-gsbp-55c5cb7 .gspb_heading_subtitle,#gspb_subheading-id-gsbp-55c5cb7{display:block;font-size:17px;line-height:22px;font-weight:400!important;color:var(--wp--preset--color--palette-color-8, var(--theme-palette-color-8, #ffffff));margin-top:15px}#gspb_iconBox-id-gsbp-6033ac3 svg,#gspb_iconBox-id-gsbp-984844e svg{height:100px!important;width:100px!important;min-width:100px!important;margin:0!important}#gspb_iconBox-id-gsbp-984844e{justify-content:center;display:flex}#gspb_iconBox-id-gsbp-984844e svg,#gspb_iconBox-id-gsbp-984844e svg path{fill:var(--wp--preset--color--palette-color-8, var(--theme-palette-color-8, #ffffff))!important}#gspb_iconBox-id-gsbp-984844e .gspb_iconBox__wrapper{padding:15px}#gspb_heading-id-gsbp-4f1a47a{font-size:20px;text-align:center!important;font-weight:700!important;color:var(--wp--preset--color--palette-color-2, var(--theme-palette-color-2, #2CCC64))}#gspb_heading-id-gsbp-4f1a47a .gsap-g-line{text-align:center!important}#gspb_heading-id-gsbp-4f1a47a .gspb_heading_subtitle,#gspb_subheading-id-gsbp-4f1a47a{display:block;font-size:17px;line-height:22px;font-weight:400!important;color:var(--wp--preset--color--palette-color-8, var(--theme-palette-color-8, #ffffff));margin-top:15px}#gspb_row-id-gsbp-2111378{justify-content:space-between;margin-top:0;margin-bottom:0;display:flex;flex-wrap:wrap;background-size:cover;background-repeat:no-repeat;background-image:url(https:\/\/aquarelle.com.br\/wp-content\/uploads\/2024\/05\/Header_memphis-2.png);isolation:isolate}#gspb_row-id-gsbp-2111378>.gspb_row__content{display:flex;justify-content:space-between;margin:0 auto;width:100%;flex-wrap:wrap}div[id^=gspb_col-id]{box-sizing:border-box;position:relative;padding:15px min(3vw,20px)}body.gspb-bodyfront #gspb_row-id-gsbp-2111378>.gspb_row__content{width:var(--theme-container-width, 1200px);max-width:var(--theme-normal-container-max-width, 1200px)}#gspb_row-id-gsbp-2111378:hover{background-size:cover}#gspb_row-id-gsbp-2111378>.gspb_backgroundOverlay{position:absolute;top:0;left:0;width:100%;height:100%;z-index:-1;opacity:.85;background-color:var(--wp--preset--color--palette-color-1, var(--theme-palette-color-1, #052146))}#gspb_col-id-gsbp-4993959.gspb_row__col--6{width:50%}@media (max-width:575.98px){#gspb_col-id-gsbp-4993959.gspb_row__col--6{width:100%}}.gspb_container-id-gsbp-7170cc8{flex-direction:column;box-sizing:border-box}#gspb_container-id-gsbp-4c17b724-ca9b.gspb_container>p:last-of-type,#gspb_container-id-gsbp-6158428.gspb_container>p:last-of-type,#gspb_container-id-gsbp-6abadb5.gspb_container>p:last-of-type,#gspb_container-id-gsbp-7170cc8.gspb_container>p:last-of-type,#gspb_container-id-gsbp-abadd43.gspb_container>p:last-of-type{margin-bottom:0}#gspb_container-id-gsbp-7170cc8.gspb_container{padding:20px}@media (max-width:991.98px){#gspb_container-id-gsbp-7170cc8.gspb_container{padding:35px}}#gspb_container-id-gsbp-7170cc8.gspb_container,#gspb_container-id-gsbp-7170cc8.gspb_container>.gspb_backgroundOverlay{border-top-left-radius:25px;border-top-right-radius:25px;border-bottom-right-radius:25px;border-bottom-left-radius:25px}#gspb_col-id-gsbp-edf7387.gspb_row__col--6{width:50%}@media (max-width:575.98px){#gspb_col-id-gsbp-edf7387.gspb_row__col--6{width:100%}}#gspb_col-id-gsbp-b736f52.gspb_row__col--6{width:50%}@media (max-width:575.98px){#gspb_col-id-gsbp-b736f52.gspb_row__col--6{width:100%}}.gspb_container-id-gsbp-6158428{flex-direction:column;box-sizing:border-box}#gspb_container-id-gsbp-6158428.gspb_container{padding:20px}@media (max-width:991.98px){#gspb_container-id-gsbp-6158428.gspb_container{padding:35px}}#gspb_container-id-gsbp-6158428.gspb_container,#gspb_container-id-gsbp-6158428.gspb_container>.gspb_backgroundOverlay{border-top-left-radius:25px;border-top-right-radius:25px;border-bottom-right-radius:25px;border-bottom-left-radius:25px}#gspb_col-id-gsbp-583b26f.gspb_row__col--6{width:50%}@media (max-width:575.98px){#gspb_col-id-gsbp-583b26f.gspb_row__col--6{width:100%}}#gspb_col-id-gsbp-583b26f.gspb_row__col--6{flex-direction:column}body #gspb_col-id-gsbp-583b26f.gspb_row__col--6{display:flex}#gspb_container-id-gsbp-4c17b724-ca9b.gspb_container{display:grid;grid-template-columns:repeat(2,minmax(0,1fr));row-gap:20px;column-gap:20px}@media (max-width:991.98px){#gspb_container-id-gsbp-4c17b724-ca9b.gspb_container{grid-template-columns:repeat(2,minmax(0,1fr))}}@media (max-width:767.98px){#gspb_container-id-gsbp-4c17b724-ca9b.gspb_container{grid-template-columns:repeat(2,minmax(0,1fr))}}@media (max-width:575.98px){#gspb_container-id-gsbp-4c17b724-ca9b.gspb_container{grid-template-columns:repeat(1,minmax(0,1fr))}}#gspb_container-id-gsbp-4c17b724-ca9b.gspb_container{padding-top:40px;padding-bottom:80px}.gspb_container-id-gsbp-4c17b724-ca9b,.gspb_container-id-gsbp-6abadb5,.gspb_container-id-gsbp-abadd43{flex-direction:column;box-sizing:border-box}.gspb_container,.gspb_row{position:relative}#gspb_container-id-gsbp-6abadb5.gspb_container,#gspb_container-id-gsbp-abadd43.gspb_container{transition:all .4s cubic-bezier(.165,.84,.44,1);padding:35px;border-top-left-radius:8px;border-top-right-radius:8px;border-bottom-right-radius:8px;border-bottom-left-radius:8px;border-style:solid;border-width:1px;border-color:var(--wp--preset--color--palette-color-2, var(--theme-palette-color-2, #2CCC64));background-image:radial-gradient(#052146 0,#310a5d 100%)}#gspb_container-id-gsbp-6abadb5.gspb_container:hover,#gspb_container-id-gsbp-abadd43.gspb_container:hover{transform:translateY(-5px);box-shadow:0 15px 30px 0 rgba(119,123,146,.1)}#gspb_row-id-gsbp-823f821{justify-content:space-between;display:flex;flex-wrap:wrap;align-content:center;margin-top:20px;margin-bottom:80px;isolation:isolate}#gspb_row-id-gsbp-823f821>.gspb_row__content{display:flex;justify-content:space-between;margin:0 auto;width:100%;flex-wrap:wrap;align-items:center}body.gspb-bodyfront #gspb_row-id-gsbp-823f821>.gspb_row__content{width:var(--theme-container-width, 1200px);max-width:var(--theme-normal-container-max-width, 1200px)}#gspb_row-id-gsbp-823f821 .gspb_shape-divider-container{overflow:hidden;position:absolute;left:0;z-index:-1;width:100%;line-height:0;pointer-events:none}#gspb_row-id-gsbp-823f821 .gspb_shape-divider-container svg{width:100%}#gspb_row-id-gsbp-823f821 .gspb_shape-divider-container--bottom{bottom:0}#gspb_row-id-gsbp-823f821 .gspb_shape-divider-container--bottom svg{height:300px}","iawp_total_views":176,"footnotes":""},"blocksy_meta":[],"_links":{"self":[{"href":"https:\/\/aquarelle.com.br\/fr\/wp-json\/wp\/v2\/pages\/1690"}],"collection":[{"href":"https:\/\/aquarelle.com.br\/fr\/wp-json\/wp\/v2\/pages"}],"about":[{"href":"https:\/\/aquarelle.com.br\/fr\/wp-json\/wp\/v2\/types\/page"}],"author":[{"embeddable":true,"href":"https:\/\/aquarelle.com.br\/fr\/wp-json\/wp\/v2\/users\/3"}],"replies":[{"embeddable":true,"href":"https:\/\/aquarelle.com.br\/fr\/wp-json\/wp\/v2\/comments?post=1690"}],"version-history":[{"count":0,"href":"https:\/\/aquarelle.com.br\/fr\/wp-json\/wp\/v2\/pages\/1690\/revisions"}],"up":[{"embeddable":true,"href":"https:\/\/aquarelle.com.br\/fr\/wp-json\/wp\/v2\/pages\/1656"}],"wp:attachment":[{"href":"https:\/\/aquarelle.com.br\/fr\/wp-json\/wp\/v2\/media?parent=1690"}],"curies":[{"name":"wp","href":"https:\/\/api.w.org\/{rel}","templated":true}]}}