{"id":86,"date":"2024-05-28T11:49:14","date_gmt":"2024-05-28T14:49:14","guid":{"rendered":"https:\/\/aquarelle.com.br\/curadoria-de-chat-bot\/"},"modified":"2024-12-16T18:22:06","modified_gmt":"2024-12-16T21:22:06","slug":"curadoria-de-chat-bot","status":"publish","type":"page","link":"https:\/\/aquarelle.com.br\/fr\/chat-bot-curation\/","title":{"rendered":"Chat Bot Curation"},"content":{"rendered":"<h1>La curation des robots<\/h1>\n<ul>\n<li>\n\t\t\t\t\t\t\t\t\t\tAccueil\n\t\t\t\t\t\t\t\t\t<\/li>\n<li>\n\t\t\t\t\t\t\t\t\t<\/li>\n<\/ul>\n<h6>chatbot<\/h6>\n<h2>L'innovation en mati\u00e8re de service \u00e0 la client\u00e8le est l\u00e0 !<\/h2>\n<p>Vous devez cr\u00e9er, ou vous avez d\u00e9j\u00e0 un chatbot et vous avez besoin d'une \u00e9quipe comp\u00e9tente pour g\u00e9rer les donn\u00e9es, cr\u00e9er de nouvelles interactions, alimenter votre bot avec de nouvelles informations afin qu'il devienne de plus en plus efficace et humanis\u00e9.<\/p>\n<p>\u200b<\/p>\n<p>Notre \u00e9quipe le fait pour vous !<\/p>\n<p>\t\t\t<a href=\"https:\/\/aquarelle.com.br\/fr\/contact\/\"><br \/>\n\t\t\t\t<svg aria-hidden=\"true\" viewbox=\"0 0 320 512\" xmlns=\"http:\/\/www.w3.org\/2000\/svg\"><path d=\"M285.476 272.971L91.132 467.314c-9.373 9.373-24.569 9.373-33.941 0l-22.667-22.667c-9.357-9.357-9.375-24.522-.04-33.901L188.505 256 34.484 101.255c-9.335-9.379-9.317-24.544.04-33.901l22.667-22.667c9.373-9.373 24.569-9.373 33.941 0L285.475 239.03c9.373 9.372 9.373 24.568.001 33.941z\"><\/path><\/svg><br \/>\n\t\t\t\t\t\tPrendre contact<br \/>\n\t\t\t\t\t<\/a><br \/>\n\t\t\t\t\t\t\t\t\t\t\t\t\t<img loading=\"lazy\" decoding=\"async\" title=\"curation de chatbot\" width=\"700\" height=\"467\" src=\"https:\/\/aquarelle.com.br\/wp-content\/uploads\/2024\/05\/curadoria-chatbot.png\" alt=\"curation de chatbot\" srcset=\"https:\/\/aquarelle.com.br\/wp-content\/uploads\/2024\/05\/curadoria-chatbot.png 700w, https:\/\/aquarelle.com.br\/wp-content\/uploads\/2024\/05\/curadoria-chatbot-300x200.png 300w\" sizes=\"(max-width: 700px) 100vw, 700px\" \/>\t\t\t\t\t\t\t\t\t\t\t\t\t<\/p>\n<h2>Nous allons r\u00e9organiser votre robot de conversation ?<\/h2>\n<h4>C'est parti !<\/h4>\n<p>\t\t\t<a href=\"https:\/\/aquarelle.com.br\/fr\/contact\/\"><br \/>\n\t\t\t\t<svg aria-hidden=\"true\" viewbox=\"0 0 320 512\" xmlns=\"http:\/\/www.w3.org\/2000\/svg\"><path d=\"M285.476 272.971L91.132 467.314c-9.373 9.373-24.569 9.373-33.941 0l-22.667-22.667c-9.357-9.357-9.375-24.522-.04-33.901L188.505 256 34.484 101.255c-9.335-9.379-9.317-24.544.04-33.901l22.667-22.667c9.373-9.373 24.569-9.373 33.941 0L285.475 239.03c9.373 9.372 9.373 24.568.001 33.941z\"><\/path><\/svg><br \/>\n\t\t\t\t\t\tPrendre contact<br \/>\n\t\t\t\t\t<\/a><\/p>","protected":false},"excerpt":{"rendered":"<p>Bot curation Accueil chatbot L'innovation dans les services est l\u00e0 ! Vous avez besoin de cr\u00e9er un chatbot, ou vous en avez d\u00e9j\u00e0 un, et vous avez besoin d'une \u00e9quipe comp\u00e9tente pour prendre en charge les donn\u00e9es, cr\u00e9er de nouvelles interactions, alimenter votre bot en nouvelles informations, afin qu'il devienne de plus en plus performant et humanis\u00e9. Notre \u00e9quipe le fait pour vous ! [...]<\/p>","protected":false},"author":3,"featured_media":0,"parent":0,"menu_order":0,"comment_status":"closed","ping_status":"closed","template":"","meta":{"_gspb_post_css":"","iawp_total_views":39,"footnotes":""},"blocksy_meta":[],"_links":{"self":[{"href":"https:\/\/aquarelle.com.br\/fr\/wp-json\/wp\/v2\/pages\/86"}],"collection":[{"href":"https:\/\/aquarelle.com.br\/fr\/wp-json\/wp\/v2\/pages"}],"about":[{"href":"https:\/\/aquarelle.com.br\/fr\/wp-json\/wp\/v2\/types\/page"}],"author":[{"embeddable":true,"href":"https:\/\/aquarelle.com.br\/fr\/wp-json\/wp\/v2\/users\/3"}],"replies":[{"embeddable":true,"href":"https:\/\/aquarelle.com.br\/fr\/wp-json\/wp\/v2\/comments?post=86"}],"version-history":[{"count":0,"href":"https:\/\/aquarelle.com.br\/fr\/wp-json\/wp\/v2\/pages\/86\/revisions"}],"wp:attachment":[{"href":"https:\/\/aquarelle.com.br\/fr\/wp-json\/wp\/v2\/media?parent=86"}],"curies":[{"name":"wp","href":"https:\/\/api.w.org\/{rel}","templated":true}]}}