{"id":96,"date":"2024-05-28T11:49:14","date_gmt":"2024-05-28T14:49:14","guid":{"rendered":"https:\/\/aquarelle.com.br\/processo-de-qualidade\/"},"modified":"2024-12-16T18:22:07","modified_gmt":"2024-12-16T21:22:07","slug":"processo-de-qualidade","status":"publish","type":"page","link":"https:\/\/aquarelle.com.br\/fr\/processus-de-qualite\/","title":{"rendered":"Processus de qualit\u00e9"},"content":{"rendered":"<h1>Processus de qualit\u00e9<\/h1>\n<ul>\n<li>\n\t\t\t\t\t\t\t\t\t\tAccueil\n\t\t\t\t\t\t\t\t\t<\/li>\n<li>\n\t\t\t\t\t\t\t\t\t<\/li>\n<\/ul>\n<p>\t\t\t\t\t\t\t\t\t\t\t\t\t<img loading=\"lazy\" decoding=\"async\" title=\"processusqualid\" width=\"723\" height=\"392\" src=\"https:\/\/aquarelle.com.br\/wp-content\/uploads\/2024\/05\/processoqualid.png\" alt=\"processusqualid\" srcset=\"https:\/\/aquarelle.com.br\/wp-content\/uploads\/2024\/05\/processoqualid.png 723w, https:\/\/aquarelle.com.br\/wp-content\/uploads\/2024\/05\/processoqualid-300x163.png 300w\" sizes=\"(max-width: 723px) 100vw, 723px\" \/>\t\t\t\t\t\t\t\t\t\t\t\t\t<\/p>\n<h6>Qualit\u00e9<\/h6>\n<h2>Le processus de qualit\u00e9<\/h2>\n<p>L'espace de qualit\u00e9 et le processus de suivi ne sont pas des concepts nouveaux, mais leurs objectifs et la mani\u00e8re dont les r\u00e9sultats sont utilis\u00e9s ont chang\u00e9.<\/p>\n<p>La plupart des entreprises reconnaissent d\u00e9j\u00e0 que la qualit\u00e9 des services est un facteur de diff\u00e9renciation concurrentielle, mais l'utilisation du suivi de la qualit\u00e9 comme outil pour obtenir de meilleurs r\u00e9sultats est encore nouvelle pour certaines organisations.<\/p>\n<p>\u00a0<br \/>\n\t\t\t<a href=\"https:\/\/aquarelle.com.br\/fr\/contact\/\"><br \/>\n\t\t\t\t<svg aria-hidden=\"true\" viewbox=\"0 0 320 512\" xmlns=\"http:\/\/www.w3.org\/2000\/svg\"><path d=\"M285.476 272.971L91.132 467.314c-9.373 9.373-24.569 9.373-33.941 0l-22.667-22.667c-9.357-9.357-9.375-24.522-.04-33.901L188.505 256 34.484 101.255c-9.335-9.379-9.317-24.544.04-33.901l22.667-22.667c9.373-9.373 24.569-9.373 33.941 0L285.475 239.03c9.373 9.372 9.373 24.568.001 33.941z\"><\/path><\/svg><br \/>\n\t\t\t\t\t\tContactez nous<br \/>\n\t\t\t\t\t<\/a><\/p>\n<h2>Allons-nous am\u00e9liorer les processus de votre entreprise ?<\/h2>\n<h4>Parlons-en !<\/h4>\n<p>\t\t\t<a href=\"https:\/\/aquarelle.com.br\/fr\/contact\/\"><br \/>\n\t\t\t\t<svg aria-hidden=\"true\" viewbox=\"0 0 320 512\" xmlns=\"http:\/\/www.w3.org\/2000\/svg\"><path d=\"M285.476 272.971L91.132 467.314c-9.373 9.373-24.569 9.373-33.941 0l-22.667-22.667c-9.357-9.357-9.375-24.522-.04-33.901L188.505 256 34.484 101.255c-9.335-9.379-9.317-24.544.04-33.901l22.667-22.667c9.373-9.373 24.569-9.373 33.941 0L285.475 239.03c9.373 9.372 9.373 24.568.001 33.941z\"><\/path><\/svg><br \/>\n\t\t\t\t\t\tEnvoyer un message<br \/>\n\t\t\t\t\t<\/a><\/p>","protected":false},"excerpt":{"rendered":"<p>Processo de Qualidade Home Qualidade O Processo de Qualidade A \u00c1rea de Qualidade e o processo de monitoria n\u00e3o \u00e9 um conceito novo, mas os seus objetivos e a forma como se utilizam os resultados tem se alterado. A maioria das empresas j\u00e1 reconhecem que a\u00a0qualidade\u00a0do atendimento \u00e9 um diferencial competitivo, por\u00e9m, a utiliza\u00e7\u00e3o da [&hellip;]<\/p>","protected":false},"author":3,"featured_media":0,"parent":0,"menu_order":0,"comment_status":"closed","ping_status":"closed","template":"","meta":{"_gspb_post_css":"","iawp_total_views":39,"footnotes":""},"blocksy_meta":[],"_links":{"self":[{"href":"https:\/\/aquarelle.com.br\/fr\/wp-json\/wp\/v2\/pages\/96"}],"collection":[{"href":"https:\/\/aquarelle.com.br\/fr\/wp-json\/wp\/v2\/pages"}],"about":[{"href":"https:\/\/aquarelle.com.br\/fr\/wp-json\/wp\/v2\/types\/page"}],"author":[{"embeddable":true,"href":"https:\/\/aquarelle.com.br\/fr\/wp-json\/wp\/v2\/users\/3"}],"replies":[{"embeddable":true,"href":"https:\/\/aquarelle.com.br\/fr\/wp-json\/wp\/v2\/comments?post=96"}],"version-history":[{"count":0,"href":"https:\/\/aquarelle.com.br\/fr\/wp-json\/wp\/v2\/pages\/96\/revisions"}],"wp:attachment":[{"href":"https:\/\/aquarelle.com.br\/fr\/wp-json\/wp\/v2\/media?parent=96"}],"curies":[{"name":"wp","href":"https:\/\/api.w.org\/{rel}","templated":true}]}}